{"id":45,"date":"2017-03-30T12:21:11","date_gmt":"2017-03-30T12:21:11","guid":{"rendered":"https:\/\/www.epita.xyz\/Social\/?page_id=45"},"modified":"2024-05-20T15:20:30","modified_gmt":"2024-05-20T20:20:30","slug":"responsabilidad-social","status":"publish","type":"page","link":"https:\/\/epita.edu.pe\/social\/responsabilidad-social\/","title":{"rendered":"Responsabilidad Social"},"content":{"rendered":"<p><div class=\"SpecialHeading fw-heading  text-center mb-40\">\r\n\t<h2 class=\"special-title is-block-reveal\">RESPONSABILIDAD SOCIAL<\/h2>\r\n\t\t\t<div class=\"special-subtitle-center is-block-reveal font-subheading\">ESCUELA PROFESIONAL DE INGENIER\u00cdA TOPOGR\u00c1FICA Y AGRIMENSURA<\/div>\r\n\t<\/div>\r\n<div class=\"row\">\r\n\t<div class=\"col-sm-6\">\r\n\t\t<p style=\"text-align: center;\"><em><strong>Dr. Alan Fausto Lazarte Velarde<\/strong><\/em><br \/><em>Coordinador de Extensi\u00f3n Cultural, Proyecci\u00f3n y <\/em><em>Responsabilidad Social<\/em><\/p><p style=\"text-align: center;\">Contacto:<br \/><img loading=\"lazy\" decoding=\"async\" class=\"alignnone wp-image-209\" src=\"https:\/\/www.epita.edu.pe\/social\/wp-content\/uploads\/2019\/08\/e-mail.png\" alt=\"\" width=\"20\" height=\"15\" \/> <a href=\"mailto:flazarte@unap.edu.pe\"><strong>flazarte@unap.edu.pe<\/strong><\/a><\/p>\t<\/div>\r\n\t<div class=\"col-sm-6\">\r\n\t\t<p><img loading=\"lazy\" decoding=\"async\" class=\"alignnone wp-image-344 size-medium\" src=\"https:\/\/epita.edu.pe\/social\/wp-content\/uploads\/2024\/05\/UploadFotoPath-249x300.jpeg\" alt=\"\" width=\"249\" height=\"300\" srcset=\"https:\/\/epita.edu.pe\/social\/wp-content\/uploads\/2024\/05\/UploadFotoPath-249x300.jpeg 249w, https:\/\/epita.edu.pe\/social\/wp-content\/uploads\/2024\/05\/UploadFotoPath.jpeg 271w\" sizes=\"auto, (max-width: 249px) 100vw, 249px\" \/><\/p>\t<\/div>\r\n<\/div><div class=\"fw-accordion\">\r\n\t\t\t<h3 class=\"fw-accordion-title element-title\">Objetivo<\/h3>\r\n\t\t<div class=\"fw-accordion-content\">\r\n\t\t\t<p>La Responsabilidad Social Universitaria propone una manera diferente y promisoria de hacer las cosas en el \u00e1mbito universitario y desde \u00e9l. Plantea la transformaci\u00f3n de los diferentes procesos y aspectos del quehacer universitario, a partir de una gesti\u00f3n enfocada en el v\u00ednculo rec\u00edproco, sostenible y efectivo entre la Universidad y su entorno social y natural.<\/p>\r\n\t\t<\/div>\r\n\t\t\t<h3 class=\"fw-accordion-title element-title\">Funcion<\/h3>\r\n\t\t<div class=\"fw-accordion-content\">\r\n\t\t\t<p>Una universidad que se gestiona de manera socialmente responsable se transforma permanentemente y participa del cambio social. La unidad encargada dise\u00f1ar, promover y realizar iniciativas de Responsabilidad Social Universitaria en la universidad la Direcci\u00f3n Acad\u00e9mica de Responsabilidad Social.<\/p>\r\n\t\t<\/div>\r\n\t<\/div>\r\n\t<div class=\"IconText\">\r\n\r\n\t\r\n\t\t<div class=\"icon-text-item\">\r\n\t\t\t<i class=\"icon-pricetags\"><\/i>\r\n\t\t\t<span>Eventos y Actividades<\/span>\r\n\t\t<\/div>\r\n\r\n\t\r\n\t<\/div><!-- end IconText -->\r\n<\/p>\n<p style=\"padding-left: 40px;\">\u21d2<a href=\"https:\/\/epita.edu.pe\/mapbiomas-peru\/\"> <strong><em>S<\/em><\/strong><em><strong>ocializaci\u00f3n y capacitaci\u00f3n acad\u00e9mica MAPBIOMAS<\/strong><\/em><\/a><\/p>\n<p style=\"padding-left: 40px;\">\u21d2 <strong><a href=\"https:\/\/www.epita.edu.pe\/social\/participacion-en-desfile-institucional-por-delegaciones-por-el-clxiii-aniversario-de-la-una-puno\/\"><em>Invitaci\u00f3n: Participaci\u00f3n en Desfile Institucional por delegaciones por el CLXIII Aniversario de la UNA Puno<\/em><\/a><\/strong><\/p>\n<p style=\"padding-left: 40px;\">\u21d2 <em><strong><a href=\"https:\/\/www.epita.edu.pe\/institucional\/epita-en-el-desfile-institucional-por-el-clxiii-aniversario-de-la-universidad-nacional-del-altiplano\/\">Participaci\u00f3n: Desfile Institucional por el CLXIII Aniversario de la UNA Puno<\/a><\/strong><\/em><\/p>\n","protected":false},"excerpt":{"rendered":"<p>\u21d2 Socializaci\u00f3n y capacitaci\u00f3n acad\u00e9mica MAPBIOMAS \u21d2 Invitaci\u00f3n: Participaci\u00f3n en Desfile Institucional por delegaciones por el CLXIII Aniversario de la UNA Puno \u21d2 Participaci\u00f3n: Desfile Institucional por el CLXIII Aniversario de la UNA Puno<\/p>\n","protected":false},"author":1,"featured_media":0,"parent":0,"menu_order":0,"comment_status":"closed","ping_status":"closed","template":"","meta":{"footnotes":""},"class_list":["post-45","page","type-page","status-publish","hentry"],"_links":{"self":[{"href":"https:\/\/epita.edu.pe\/social\/wp-json\/wp\/v2\/pages\/45","targetHints":{"allow":["GET"]}}],"collection":[{"href":"https:\/\/epita.edu.pe\/social\/wp-json\/wp\/v2\/pages"}],"about":[{"href":"https:\/\/epita.edu.pe\/social\/wp-json\/wp\/v2\/types\/page"}],"author":[{"embeddable":true,"href":"https:\/\/epita.edu.pe\/social\/wp-json\/wp\/v2\/users\/1"}],"replies":[{"embeddable":true,"href":"https:\/\/epita.edu.pe\/social\/wp-json\/wp\/v2\/comments?post=45"}],"version-history":[{"count":67,"href":"https:\/\/epita.edu.pe\/social\/wp-json\/wp\/v2\/pages\/45\/revisions"}],"predecessor-version":[{"id":347,"href":"https:\/\/epita.edu.pe\/social\/wp-json\/wp\/v2\/pages\/45\/revisions\/347"}],"wp:attachment":[{"href":"https:\/\/epita.edu.pe\/social\/wp-json\/wp\/v2\/media?parent=45"}],"curies":[{"name":"wp","href":"https:\/\/api.w.org\/{rel}","templated":true}]}}