{"id":338,"date":"2024-05-20T14:18:24","date_gmt":"2024-05-20T19:18:24","guid":{"rendered":"https:\/\/epita.edu.pe\/social\/?page_id=338"},"modified":"2024-05-20T14:24:16","modified_gmt":"2024-05-20T19:24:16","slug":"emprende-una","status":"publish","type":"page","link":"https:\/\/epita.edu.pe\/social\/emprende-una\/","title":{"rendered":"EMPRENDE UNA"},"content":{"rendered":"<p><div class=\"SpecialHeading fw-heading  text-center mb-40\">\r\n\t<h2 class=\"special-title is-block-reveal\">EMPRENDE UNA<\/h2>\r\n\t\t\t<div class=\"special-subtitle-center is-block-reveal font-subheading\">ESCUELA PROFESIONAL DE INGENIER\u00cdA TOPOGR\u00c1FICA Y AGRIMENSURA<\/div>\r\n\t<\/div>\r\n<div class=\"row\">\r\n\t<div class=\"col-sm-6\">\r\n\t\t<p style=\"text-align: center;\"><em><strong>Ing. Isidro Quispe Sergio<\/strong><\/em><br \/><em>Coordinador del Programa EMPRENDE UNA<\/em><\/p><p style=\"text-align: center;\">Contacto:<br \/><img loading=\"lazy\" decoding=\"async\" class=\"alignnone wp-image-209\" src=\"https:\/\/www.epita.edu.pe\/social\/wp-content\/uploads\/2019\/08\/e-mail.png\" alt=\"\" width=\"20\" height=\"15\" \/> <a href=\"mailto:sergioisidro@unap.edu.pe\">sergioisidro@unap.edu.pe<\/a><\/p>\t<\/div>\r\n\t<div class=\"col-sm-6\">\r\n\t\t<p><img loading=\"lazy\" decoding=\"async\" class=\"alignnone size-medium wp-image-326\" src=\"https:\/\/epita.edu.pe\/social\/wp-content\/uploads\/2022\/06\/Ing.-Sergio-Isidro-Quispe-300x300.png\" alt=\"\" width=\"300\" height=\"300\" srcset=\"https:\/\/epita.edu.pe\/social\/wp-content\/uploads\/2022\/06\/Ing.-Sergio-Isidro-Quispe-300x300.png 300w, https:\/\/epita.edu.pe\/social\/wp-content\/uploads\/2022\/06\/Ing.-Sergio-Isidro-Quispe-1024x1024.png 1024w, https:\/\/epita.edu.pe\/social\/wp-content\/uploads\/2022\/06\/Ing.-Sergio-Isidro-Quispe-150x150.png 150w, https:\/\/epita.edu.pe\/social\/wp-content\/uploads\/2022\/06\/Ing.-Sergio-Isidro-Quispe-768x769.png 768w, https:\/\/epita.edu.pe\/social\/wp-content\/uploads\/2022\/06\/Ing.-Sergio-Isidro-Quispe-100x100.png 100w, https:\/\/epita.edu.pe\/social\/wp-content\/uploads\/2022\/06\/Ing.-Sergio-Isidro-Quispe-700x700.png 700w, https:\/\/epita.edu.pe\/social\/wp-content\/uploads\/2022\/06\/Ing.-Sergio-Isidro-Quispe-50x50.png 50w, https:\/\/epita.edu.pe\/social\/wp-content\/uploads\/2022\/06\/Ing.-Sergio-Isidro-Quispe.png 1300w\" sizes=\"auto, (max-width: 300px) 100vw, 300px\" \/><\/p>\t<\/div>\r\n<\/div><div class=\"fw-accordion\">\r\n\t\t\t<h3 class=\"fw-accordion-title element-title\">Objetivo<\/h3>\r\n\t\t<div class=\"fw-accordion-content\">\r\n\t\t\t<p>El estudiante de hoy con visi\u00f3n de empresarial necesita poseer destrezas pr\u00e1cticas que le permitan potencializar su formaci\u00f3n acad\u00e9mica enmarcada por los par\u00e1metros b\u00e1sicos del emprendimiento para desarrollar habilidades que le permitan tener una actitud emprendedora, basado en la superaci\u00f3n y en el esp\u00edritu de emprendimiento dentro del contexto de su formaci\u00f3n profesional.<\/p>\r\n\t\t<\/div>\r\n\t\t\t<h3 class=\"fw-accordion-title element-title\">Funcion<\/h3>\r\n\t\t<div class=\"fw-accordion-content\">\r\n\t\t\t<p>Pensando en esta necesidad la Universidad Nacional del Altiplano presenta esta primera jornada denominada Emprende UNA \u201cOportunidades y retos para un emprendedor\u201d que est\u00e1 dirigido a estudiantes, docentes, administrativos y tambi\u00e9n para el emprendedor de la regi\u00f3n Puno que pretenda ampliar su capacidad de emprendimiento.<\/p>\r\n\t\t<\/div>\r\n\t<\/div>\r\n\t<div class=\"IconText\">\r\n\r\n\t\r\n\t\t<div class=\"icon-text-item\">\r\n\t\t\t<i class=\"icon-pricetags\"><\/i>\r\n\t\t\t<span>Eventos y Actividades<\/span>\r\n\t\t<\/div>\r\n\r\n\t\r\n\t<\/div><!-- end IconText -->\r\n<\/p>\n","protected":false},"excerpt":{"rendered":"","protected":false},"author":1,"featured_media":0,"parent":0,"menu_order":0,"comment_status":"closed","ping_status":"closed","template":"","meta":{"footnotes":""},"class_list":["post-338","page","type-page","status-publish","hentry"],"_links":{"self":[{"href":"https:\/\/epita.edu.pe\/social\/wp-json\/wp\/v2\/pages\/338","targetHints":{"allow":["GET"]}}],"collection":[{"href":"https:\/\/epita.edu.pe\/social\/wp-json\/wp\/v2\/pages"}],"about":[{"href":"https:\/\/epita.edu.pe\/social\/wp-json\/wp\/v2\/types\/page"}],"author":[{"embeddable":true,"href":"https:\/\/epita.edu.pe\/social\/wp-json\/wp\/v2\/users\/1"}],"replies":[{"embeddable":true,"href":"https:\/\/epita.edu.pe\/social\/wp-json\/wp\/v2\/comments?post=338"}],"version-history":[{"count":4,"href":"https:\/\/epita.edu.pe\/social\/wp-json\/wp\/v2\/pages\/338\/revisions"}],"predecessor-version":[{"id":343,"href":"https:\/\/epita.edu.pe\/social\/wp-json\/wp\/v2\/pages\/338\/revisions\/343"}],"wp:attachment":[{"href":"https:\/\/epita.edu.pe\/social\/wp-json\/wp\/v2\/media?parent=338"}],"curies":[{"name":"wp","href":"https:\/\/api.w.org\/{rel}","templated":true}]}}