{"id":216,"date":"2019-08-12T01:19:31","date_gmt":"2019-08-12T06:19:31","guid":{"rendered":"https:\/\/www.epita.xyz\/Social\/?page_id=216"},"modified":"2024-05-20T14:13:12","modified_gmt":"2024-05-20T19:13:12","slug":"politicas-ambientales","status":"publish","type":"page","link":"https:\/\/epita.edu.pe\/social\/politicas-ambientales\/","title":{"rendered":"Pol\u00edticas Ambientales"},"content":{"rendered":"<p><div class=\"SpecialHeading fw-heading  text-center mb-40\">\r\n\t<h2 class=\"special-title is-block-reveal\">POL\u00cdTICAS AMBIENTALES<\/h2>\r\n\t\t\t<div class=\"special-subtitle-center is-block-reveal font-subheading\">ESCUELA PROFESIONAL DE INGENIER\u00cdA TOPOGR\u00c1FICA Y AGRIMENSURA<\/div>\r\n\t<\/div>\r\n<div class=\"row\">\r\n\t<div class=\"col-sm-6\">\r\n\t\t<p style=\"text-align: center;\"><em><strong>Dr. Nestor Quispe Condori<\/strong><\/em><br \/><em>Coordinador de Pol\u00edticas Ambientales EPITA<br \/>Contacto:<\/em><br \/><img loading=\"lazy\" decoding=\"async\" class=\"alignnone wp-image-209\" src=\"https:\/\/www.epita.edu.pe\/social\/wp-content\/uploads\/2019\/08\/e-mail.png\" alt=\"\" width=\"20\" height=\"15\" \/> <a href=\"mailto:nestorquispe@unap.edu.pe\">nestorquispe@unap.edu.pe<\/a><\/p><p style=\"text-align: center;\"><em><strong>Dr. Fausto Alan Lazarte Velarde<\/strong><\/em><br \/><em>Adjunto<\/em><\/p>\t<\/div>\r\n\t<div class=\"col-sm-6\">\r\n\t\t<p><img loading=\"lazy\" decoding=\"async\" class=\"alignnone size-medium wp-image-333\" src=\"https:\/\/epita.edu.pe\/social\/wp-content\/uploads\/2024\/05\/Dr.-Nestor-Quispe-Condori-1-300x300.png\" alt=\"\" width=\"300\" height=\"300\" srcset=\"https:\/\/epita.edu.pe\/social\/wp-content\/uploads\/2024\/05\/Dr.-Nestor-Quispe-Condori-1-300x300.png 300w, https:\/\/epita.edu.pe\/social\/wp-content\/uploads\/2024\/05\/Dr.-Nestor-Quispe-Condori-1-1024x1024.png 1024w, https:\/\/epita.edu.pe\/social\/wp-content\/uploads\/2024\/05\/Dr.-Nestor-Quispe-Condori-1-150x150.png 150w, https:\/\/epita.edu.pe\/social\/wp-content\/uploads\/2024\/05\/Dr.-Nestor-Quispe-Condori-1-768x769.png 768w, https:\/\/epita.edu.pe\/social\/wp-content\/uploads\/2024\/05\/Dr.-Nestor-Quispe-Condori-1-100x100.png 100w, https:\/\/epita.edu.pe\/social\/wp-content\/uploads\/2024\/05\/Dr.-Nestor-Quispe-Condori-1-700x700.png 700w, https:\/\/epita.edu.pe\/social\/wp-content\/uploads\/2024\/05\/Dr.-Nestor-Quispe-Condori-1-50x50.png 50w, https:\/\/epita.edu.pe\/social\/wp-content\/uploads\/2024\/05\/Dr.-Nestor-Quispe-Condori-1.png 1300w\" sizes=\"auto, (max-width: 300px) 100vw, 300px\" \/><\/p>\t<\/div>\r\n<\/div><div class=\"fw-accordion\">\r\n\t\t\t<h3 class=\"fw-accordion-title element-title\">Objetivo<\/h3>\r\n\t\t<div class=\"fw-accordion-content\">\r\n\t\t\t<p>La Bridaga Ambiental velando por, una cultura de vida, calidad y conciencia ambiental.<\/p>\r\n\t\t<\/div>\r\n\t\t\t<h3 class=\"fw-accordion-title element-title\">Nosotros<\/h3>\r\n\t\t<div class=\"fw-accordion-content\">\r\n\t\t\t<p>Contamos con un Comit\u00e9 Ambiental Operativo que involucra a acad\u00e9micos, investigadores y gestores administrativos, siendo su funci\u00f3n principal la promoci\u00f3n y el fortalecimiento de la gesti\u00f3n ambiental entre todos los miembros de la comunidad universitaria.<\/p>\r\n\t\t<\/div>\r\n\t<\/div>\r\n\t<div class=\"IconText\">\r\n\r\n\t\r\n\t\t<div class=\"icon-text-item\">\r\n\t\t\t<i class=\"icon-pricetags\"><\/i>\r\n\t\t\t<span>Eventos y Actividades<\/span>\r\n\t\t<\/div>\r\n\r\n\t\r\n\t<\/div><!-- end IconText -->\r\n<\/p>\n<p style=\"padding-left: 80px;\">\u21d2 <strong><a href=\"https:\/\/www.epita.edu.pe\/cultural\/entrada-universitaria-2019-epita-traje-de-luces\/\">Entrada Universitaria Laykakota 2019 (Danza Traje de Luces: CAPORALES)<\/a><\/strong><\/p>\n<p style=\"padding-left: 80px;\">\u21d2 <a href=\"https:\/\/www.epita.edu.pe\/cultural\/entrada-universitaria-2019-epita-autoctono\/\"><strong>Entrada Universitaria Laykakota 2019 (Danza Aut\u00f3ctona: PULI PULIS)<\/strong><\/a><\/p>\n<p style=\"text-align: center;\"><a href=\"https:\/\/www.epita.edu.pe\/social\/politicas-ambientales\/epita-entrada-universitaria-2019-autoctono-ambiental-001\/\"><img loading=\"lazy\" decoding=\"async\" class=\"alignnone wp-image-295\" src=\"https:\/\/www.epita.edu.pe\/social\/wp-content\/uploads\/2019\/10\/EPITA-Entrada-Universitaria-2019-Autoctono-Ambiental-001-300x219.png\" alt=\"\" width=\"450\" height=\"328\" srcset=\"https:\/\/epita.edu.pe\/social\/wp-content\/uploads\/2019\/10\/EPITA-Entrada-Universitaria-2019-Autoctono-Ambiental-001-300x219.png 300w, https:\/\/epita.edu.pe\/social\/wp-content\/uploads\/2019\/10\/EPITA-Entrada-Universitaria-2019-Autoctono-Ambiental-001-768x560.png 768w, https:\/\/epita.edu.pe\/social\/wp-content\/uploads\/2019\/10\/EPITA-Entrada-Universitaria-2019-Autoctono-Ambiental-001-700x511.png 700w, https:\/\/epita.edu.pe\/social\/wp-content\/uploads\/2019\/10\/EPITA-Entrada-Universitaria-2019-Autoctono-Ambiental-001.png 954w\" sizes=\"auto, (max-width: 450px) 100vw, 450px\" \/><\/a><\/p>\n","protected":false},"excerpt":{"rendered":"<p>\u21d2 Entrada Universitaria Laykakota 2019 (Danza Traje de Luces: CAPORALES) \u21d2 Entrada Universitaria Laykakota 2019 (Danza Aut\u00f3ctona: PULI PULIS)<\/p>\n","protected":false},"author":2,"featured_media":0,"parent":0,"menu_order":0,"comment_status":"closed","ping_status":"closed","template":"","meta":{"footnotes":""},"class_list":["post-216","page","type-page","status-publish","hentry"],"_links":{"self":[{"href":"https:\/\/epita.edu.pe\/social\/wp-json\/wp\/v2\/pages\/216","targetHints":{"allow":["GET"]}}],"collection":[{"href":"https:\/\/epita.edu.pe\/social\/wp-json\/wp\/v2\/pages"}],"about":[{"href":"https:\/\/epita.edu.pe\/social\/wp-json\/wp\/v2\/types\/page"}],"author":[{"embeddable":true,"href":"https:\/\/epita.edu.pe\/social\/wp-json\/wp\/v2\/users\/2"}],"replies":[{"embeddable":true,"href":"https:\/\/epita.edu.pe\/social\/wp-json\/wp\/v2\/comments?post=216"}],"version-history":[{"count":20,"href":"https:\/\/epita.edu.pe\/social\/wp-json\/wp\/v2\/pages\/216\/revisions"}],"predecessor-version":[{"id":337,"href":"https:\/\/epita.edu.pe\/social\/wp-json\/wp\/v2\/pages\/216\/revisions\/337"}],"wp:attachment":[{"href":"https:\/\/epita.edu.pe\/social\/wp-json\/wp\/v2\/media?parent=216"}],"curies":[{"name":"wp","href":"https:\/\/api.w.org\/{rel}","templated":true}]}}