{"id":45,"date":"2017-03-30T12:21:11","date_gmt":"2017-03-30T12:21:11","guid":{"rendered":"https:\/\/epita.xyz\/acreditacion\/?page_id=45"},"modified":"2023-03-14T20:04:38","modified_gmt":"2023-03-15T01:04:38","slug":"calidad-y-acreditacion","status":"publish","type":"page","link":"https:\/\/epita.edu.pe\/acreditacion\/calidad-y-acreditacion\/","title":{"rendered":"Calidad y Acreditaci\u00f3n"},"content":{"rendered":"<p>&nbsp;<\/p>\n<p><div class=\"SpecialHeading fw-heading  text-center mb-40\">\r\n\t<h2 class=\"special-title is-block-reveal\">CALIDAD Y ACREDITACI\u00d3N<\/h2>\r\n\t\t\t<div class=\"special-subtitle-center is-block-reveal font-subheading\">ESCUELA PROFESIONAL DE INGENIER\u00cdA TOPOGR\u00c1FICA Y AGRIMENSURA<\/div>\r\n\t<\/div>\r\n<div class=\"row\">\r\n\t<div class=\"col-sm-6\">\r\n\t\t<p style=\"text-align: center;\"><strong>Ing. Victor Cipriano Flores Flores<\/strong><strong><br \/><\/strong><em style=\"font-weight: inherit;\">Director de Calidad y Acreditaci\u00f3n EPITA<br \/><\/em>Contacto:<br \/><strong><img loading=\"lazy\" decoding=\"async\" class=\"alignnone wp-image-209\" src=\"https:\/\/www.epita.edu.pe\/social\/wp-content\/uploads\/2019\/08\/e-mail.png\" alt=\"\" width=\"20\" height=\"15\" \/><a href=\"mailto:victorflores@unap.edu.pe\"> victorflores@unap.edu.pe<\/a><\/strong><\/p><p>&nbsp;<\/p><p style=\"text-align: center;\"><strong>Dr. Jorge Luis Aroste Villa<\/strong><strong><br \/><\/strong><em style=\"font-weight: inherit;\">Miembro<\/em><\/p>\t<\/div>\r\n\t<div class=\"col-sm-6\">\r\n\t\t<p><img loading=\"lazy\" decoding=\"async\" class=\"alignnone wp-image-297 size-medium\" src=\"https:\/\/epita.edu.pe\/acreditacion\/wp-content\/uploads\/2022\/06\/Ing.-Victor-C.-Flores-Flores-300x300.png\" alt=\"\" width=\"300\" height=\"300\" srcset=\"https:\/\/epita.edu.pe\/acreditacion\/wp-content\/uploads\/2022\/06\/Ing.-Victor-C.-Flores-Flores-300x300.png 300w, https:\/\/epita.edu.pe\/acreditacion\/wp-content\/uploads\/2022\/06\/Ing.-Victor-C.-Flores-Flores-1024x1024.png 1024w, https:\/\/epita.edu.pe\/acreditacion\/wp-content\/uploads\/2022\/06\/Ing.-Victor-C.-Flores-Flores-150x150.png 150w, https:\/\/epita.edu.pe\/acreditacion\/wp-content\/uploads\/2022\/06\/Ing.-Victor-C.-Flores-Flores-768x769.png 768w, https:\/\/epita.edu.pe\/acreditacion\/wp-content\/uploads\/2022\/06\/Ing.-Victor-C.-Flores-Flores-100x100.png 100w, https:\/\/epita.edu.pe\/acreditacion\/wp-content\/uploads\/2022\/06\/Ing.-Victor-C.-Flores-Flores-700x700.png 700w, https:\/\/epita.edu.pe\/acreditacion\/wp-content\/uploads\/2022\/06\/Ing.-Victor-C.-Flores-Flores-50x50.png 50w, https:\/\/epita.edu.pe\/acreditacion\/wp-content\/uploads\/2022\/06\/Ing.-Victor-C.-Flores-Flores.png 1300w\" sizes=\"auto, (max-width: 300px) 100vw, 300px\" \/><\/p>\t<\/div>\r\n<\/div><div class=\"fw-accordion\">\r\n\t\t\t<h3 class=\"fw-accordion-title element-title\">Importancia<\/h3>\r\n\t\t<div class=\"fw-accordion-content\">\r\n\t\t\t<p>La acreditaci\u00f3n en universidades es un proceso en el que se somete alguna instituci\u00f3n educativa, que tiene como finalidad asegurar la calidad y la mejora continua de las carreras universitarias. Es una exigencia en la educaci\u00f3n superior, en la que se eval\u00faa la calidad de lo que se hace en la universidad, para conseguir la excelencia que ejerce en las profesiones. As\u00ed podemos certificaren un documento que la instituci\u00f3n tiene todas las facultades necesarias para desempe\u00f1ar el cometido que tiene asignado<\/p>\r\n\t\t<\/div>\r\n\t\t\t<h3 class=\"fw-accordion-title element-title\">Funci\u00f3n<\/h3>\r\n\t\t<div class=\"fw-accordion-content\">\r\n\t\t\t<p>La Unidad de Calidad y Acreditaci\u00f3n de la escuela profesional es la encargada de proponer, gestionar y ejecutar los procesos de evaluaci\u00f3n, acreditaci\u00f3n y certificaci\u00f3n, para garantizar el cumplimiento de est\u00e1ndares de calidad.<\/p>\r\n\t\t<\/div>\r\n\t<\/div>\r\n<a href=\"https:\/\/epita.edu.pe\/acreditacion\/acreditacion-icacit\/\" target=\"_blank\" class=\"btn btn-success\">\r\n\t<span>SABER MAS SOBRE ACREDITACION ICACIT<\/span>\r\n<\/a><\/p>\n","protected":false},"excerpt":{"rendered":"<p>&nbsp;<\/p>\n","protected":false},"author":1,"featured_media":0,"parent":0,"menu_order":0,"comment_status":"closed","ping_status":"closed","template":"","meta":{"footnotes":""},"class_list":["post-45","page","type-page","status-publish","hentry"],"_links":{"self":[{"href":"https:\/\/epita.edu.pe\/acreditacion\/wp-json\/wp\/v2\/pages\/45","targetHints":{"allow":["GET"]}}],"collection":[{"href":"https:\/\/epita.edu.pe\/acreditacion\/wp-json\/wp\/v2\/pages"}],"about":[{"href":"https:\/\/epita.edu.pe\/acreditacion\/wp-json\/wp\/v2\/types\/page"}],"author":[{"embeddable":true,"href":"https:\/\/epita.edu.pe\/acreditacion\/wp-json\/wp\/v2\/users\/1"}],"replies":[{"embeddable":true,"href":"https:\/\/epita.edu.pe\/acreditacion\/wp-json\/wp\/v2\/comments?post=45"}],"version-history":[{"count":31,"href":"https:\/\/epita.edu.pe\/acreditacion\/wp-json\/wp\/v2\/pages\/45\/revisions"}],"predecessor-version":[{"id":319,"href":"https:\/\/epita.edu.pe\/acreditacion\/wp-json\/wp\/v2\/pages\/45\/revisions\/319"}],"wp:attachment":[{"href":"https:\/\/epita.edu.pe\/acreditacion\/wp-json\/wp\/v2\/media?parent=45"}],"curies":[{"name":"wp","href":"https:\/\/api.w.org\/{rel}","templated":true}]}}