{"id":254,"date":"2019-08-22T14:50:11","date_gmt":"2019-08-22T19:50:11","guid":{"rendered":"https:\/\/epita.xyz\/acreditacion\/?page_id=254"},"modified":"2023-03-14T19:26:31","modified_gmt":"2023-03-15T00:26:31","slug":"acreditacion-icacit","status":"publish","type":"page","link":"https:\/\/epita.edu.pe\/acreditacion\/acreditacion-icacit\/","title":{"rendered":"Acreditaci\u00f3n ICACIT"},"content":{"rendered":"<div class=\"SpecialHeading fw-heading  text-center mb-40\">\r\n\t<h2 class=\"special-title is-block-reveal\">ACREDITACI\u00d3N ICACIT<\/h2>\r\n\t\t\t<div class=\"special-subtitle-center is-block-reveal font-subheading\">ESCUELA PROFESIONAL DE INGENIER\u00cdA TOPOGR\u00c1FICA Y AGRIMENSURA<\/div>\r\n\t<\/div>\n<h5>El programa ha sido acreditado por el&nbsp;<strong>Comit\u00e9 de Acreditaci\u00f3n de Ingenier\u00eda<\/strong> bajo<img loading=\"lazy\" decoding=\"async\" class=\"size-medium wp-image-309 alignright\" src=\"https:\/\/epita.edu.pe\/acreditacion\/wp-content\/uploads\/2023\/03\/WhatsApp-Image-2023-03-14-at-7.14.01-PM-300x225.jpeg\" alt=\"\" width=\"300\" height=\"225\" srcset=\"https:\/\/epita.edu.pe\/acreditacion\/wp-content\/uploads\/2023\/03\/WhatsApp-Image-2023-03-14-at-7.14.01-PM-300x225.jpeg 300w, https:\/\/epita.edu.pe\/acreditacion\/wp-content\/uploads\/2023\/03\/WhatsApp-Image-2023-03-14-at-7.14.01-PM-1024x769.jpeg 1024w, https:\/\/epita.edu.pe\/acreditacion\/wp-content\/uploads\/2023\/03\/WhatsApp-Image-2023-03-14-at-7.14.01-PM-768x577.jpeg 768w, https:\/\/epita.edu.pe\/acreditacion\/wp-content\/uploads\/2023\/03\/WhatsApp-Image-2023-03-14-at-7.14.01-PM-700x526.jpeg 700w, https:\/\/epita.edu.pe\/acreditacion\/wp-content\/uploads\/2023\/03\/WhatsApp-Image-2023-03-14-at-7.14.01-PM.jpeg 1300w\" sizes=\"auto, (max-width: 300px) 100vw, 300px\" \/> los criterios generales de Ingenier\u00eda del Instituto de Calidad y Acreditaci\u00f3n de Programas de Computaci\u00f3n, Ingenier\u00eda y Tecnolog\u00eda en Ingenier\u00eda ICACIT<\/h5>\n<ul>\n<li>Acreditaci\u00f3n por 02 a\u00f1os<\/li>\n<li>Fecha de pr\u00f3xima evaluaci\u00f3n: 2024<\/li>\n<li>Fecha de Inicio de Acreditaci\u00f3n:&nbsp; 1\/07\/2021<\/li>\n<li>Fecha de fin de acreditaci\u00f3n: 31\/12\/2024<\/li>\n<\/ul>\n<p style=\"text-align: center;\"><a href=\"https:\/\/www.icacit.org.pe\/web\/es\/acreditacion\/programas-acreditados\">Enlace ICACIT &#8211; Programas Acreditados&nbsp;<\/a><\/p>\n<h6><img loading=\"lazy\" decoding=\"async\" class=\"aligncenter wp-image-261 size-large\" src=\"https:\/\/www.epita.edu.pe\/acreditacion\/wp-content\/uploads\/2019\/08\/FINAL-1024x7.png\" alt=\"\" width=\"1024\" height=\"7\" srcset=\"https:\/\/epita.edu.pe\/acreditacion\/wp-content\/uploads\/2019\/08\/FINAL-1024x7.png 1024w, https:\/\/epita.edu.pe\/acreditacion\/wp-content\/uploads\/2019\/08\/FINAL-300x2.png 300w, https:\/\/epita.edu.pe\/acreditacion\/wp-content\/uploads\/2019\/08\/FINAL-768x5.png 768w, https:\/\/epita.edu.pe\/acreditacion\/wp-content\/uploads\/2019\/08\/FINAL-700x5.png 700w, https:\/\/epita.edu.pe\/acreditacion\/wp-content\/uploads\/2019\/08\/FINAL-1300x9.png 1300w\" sizes=\"auto, (max-width: 1024px) 100vw, 1024px\" \/><\/h6>\n<h6><a href=\"https:\/\/www.icacit.org.pe\/web\/es\/acreditacion\/programas-acreditados\" target=\"_blank\" rel=\"noopener\"><img loading=\"lazy\" decoding=\"async\" class=\"aligncenter wp-image-316 size-large\" src=\"https:\/\/epita.edu.pe\/acreditacion\/wp-content\/uploads\/2023\/03\/2022_CAI_UNAP_PUN_TOP-1024x725.jpg\" alt=\"\" width=\"1024\" height=\"725\" srcset=\"https:\/\/epita.edu.pe\/acreditacion\/wp-content\/uploads\/2023\/03\/2022_CAI_UNAP_PUN_TOP-1024x725.jpg 1024w, https:\/\/epita.edu.pe\/acreditacion\/wp-content\/uploads\/2023\/03\/2022_CAI_UNAP_PUN_TOP-300x212.jpg 300w, https:\/\/epita.edu.pe\/acreditacion\/wp-content\/uploads\/2023\/03\/2022_CAI_UNAP_PUN_TOP-768x544.jpg 768w, https:\/\/epita.edu.pe\/acreditacion\/wp-content\/uploads\/2023\/03\/2022_CAI_UNAP_PUN_TOP-1536x1087.jpg 1536w, https:\/\/epita.edu.pe\/acreditacion\/wp-content\/uploads\/2023\/03\/2022_CAI_UNAP_PUN_TOP-700x495.jpg 700w, https:\/\/epita.edu.pe\/acreditacion\/wp-content\/uploads\/2023\/03\/2022_CAI_UNAP_PUN_TOP-1300x920.jpg 1300w, https:\/\/epita.edu.pe\/acreditacion\/wp-content\/uploads\/2023\/03\/2022_CAI_UNAP_PUN_TOP-rotated.jpg 1755w\" sizes=\"auto, (max-width: 1024px) 100vw, 1024px\" \/><\/a><\/h6>\n<h6><img loading=\"lazy\" decoding=\"async\" class=\"aligncenter wp-image-261 size-large\" src=\"https:\/\/www.epita.edu.pe\/acreditacion\/wp-content\/uploads\/2019\/08\/FINAL-1024x7.png\" alt=\"\" width=\"1024\" height=\"7\" srcset=\"https:\/\/epita.edu.pe\/acreditacion\/wp-content\/uploads\/2019\/08\/FINAL-1024x7.png 1024w, https:\/\/epita.edu.pe\/acreditacion\/wp-content\/uploads\/2019\/08\/FINAL-300x2.png 300w, https:\/\/epita.edu.pe\/acreditacion\/wp-content\/uploads\/2019\/08\/FINAL-768x5.png 768w, https:\/\/epita.edu.pe\/acreditacion\/wp-content\/uploads\/2019\/08\/FINAL-700x5.png 700w, https:\/\/epita.edu.pe\/acreditacion\/wp-content\/uploads\/2019\/08\/FINAL-1300x9.png 1300w\" sizes=\"auto, (max-width: 1024px) 100vw, 1024px\" \/><\/h6>\n<h6>&nbsp;<\/h6>\n","protected":false},"excerpt":{"rendered":"<p>El programa ha sido acreditado por el&nbsp;Comit\u00e9 de Acreditaci\u00f3n de Ingenier\u00eda bajo los criterios generales de Ingenier\u00eda del Instituto de Calidad y Acreditaci\u00f3n de Programas de Computaci\u00f3n, Ingenier\u00eda y Tecnolog\u00eda en Ingenier\u00eda ICACIT Acreditaci\u00f3n por 02 a\u00f1os Fecha de pr\u00f3xima evaluaci\u00f3n: 2024 Fecha de Inicio de Acreditaci\u00f3n:&nbsp; 1\/07\/2021 Fecha de fin de acreditaci\u00f3n: 31\/12\/2024 Enlace&#8230;<\/p>\n","protected":false},"author":2,"featured_media":0,"parent":0,"menu_order":0,"comment_status":"closed","ping_status":"closed","template":"","meta":{"footnotes":""},"class_list":["post-254","page","type-page","status-publish","hentry"],"_links":{"self":[{"href":"https:\/\/epita.edu.pe\/acreditacion\/wp-json\/wp\/v2\/pages\/254","targetHints":{"allow":["GET"]}}],"collection":[{"href":"https:\/\/epita.edu.pe\/acreditacion\/wp-json\/wp\/v2\/pages"}],"about":[{"href":"https:\/\/epita.edu.pe\/acreditacion\/wp-json\/wp\/v2\/types\/page"}],"author":[{"embeddable":true,"href":"https:\/\/epita.edu.pe\/acreditacion\/wp-json\/wp\/v2\/users\/2"}],"replies":[{"embeddable":true,"href":"https:\/\/epita.edu.pe\/acreditacion\/wp-json\/wp\/v2\/comments?post=254"}],"version-history":[{"count":14,"href":"https:\/\/epita.edu.pe\/acreditacion\/wp-json\/wp\/v2\/pages\/254\/revisions"}],"predecessor-version":[{"id":317,"href":"https:\/\/epita.edu.pe\/acreditacion\/wp-json\/wp\/v2\/pages\/254\/revisions\/317"}],"wp:attachment":[{"href":"https:\/\/epita.edu.pe\/acreditacion\/wp-json\/wp\/v2\/media?parent=254"}],"curies":[{"name":"wp","href":"https:\/\/api.w.org\/{rel}","templated":true}]}}