{"id":238,"date":"2019-08-22T12:54:44","date_gmt":"2019-08-22T17:54:44","guid":{"rendered":"https:\/\/epita.xyz\/acreditacion\/?page_id=238"},"modified":"2023-12-14T15:24:23","modified_gmt":"2023-12-14T20:24:23","slug":"encuestas","status":"publish","type":"page","link":"https:\/\/epita.edu.pe\/acreditacion\/encuestas\/","title":{"rendered":"Encuestas"},"content":{"rendered":"<div class=\"SpecialHeading fw-heading  text-center mb-40\">\r\n\t<h2 class=\"special-title is-block-reveal\">ENCUESTAS<\/h2>\r\n\t\t\t<div class=\"special-subtitle-center is-block-reveal font-subheading\">ESCUELA PROFESIONAL DE INGENIER\u00cdA TOPOGR\u00c1FICA Y AGRIMENSURA<\/div>\r\n\t<\/div>\n<p style=\"text-align: center; background: white; vertical-align: baseline; margin: 0cm 0cm 19.2pt 0cm;\" align=\"center\"><span style=\"font-size: 10.5pt; font-family: 'Helvetica','sans-serif'; color: #555555;\">Los siguientes formularios nos permitir\u00e1n conocer con precisi\u00f3n la condici\u00f3n tanto en la etapa estudiantil como en el ejercicio profesional.<br \/>\n<\/span><span style=\"font-size: 10.5pt; font-family: 'Helvetica','sans-serif'; color: #555555;\">La base de datos generada nos permitir\u00e1 tomar decisiones m\u00e1s acertadas a la realidad existente y proponer alternativas para la mejora de las condiciones en ambos \u00e1mbitos.<br \/>\n<\/span><strong>ACREDITACI\u00d3N&nbsp; &nbsp;SOMOS&nbsp; &nbsp;TODOS<\/strong><\/p>\n\r\n\t<div class=\"IconText\">\r\n\r\n\t\r\n\t\t<div class=\"icon-text-item\">\r\n\t\t\t<i class=\"icon-documents\"><\/i>\r\n\t\t\t<span>ENCUESTA VIGENTE<\/span>\r\n\t\t<\/div>\r\n\r\n\t\r\n\t<\/div><!-- end IconText -->\r\n\n<h6 style=\"text-align: center;\">Reciban el saludo de la <strong>\u00abOFICINA DE SEGUIMIENTO Y DESARROLLO DEL EGRESADO Y GRADUADO DE LA ESCUELA PROFESIONAL DE INGENIER\u00cdA TOPOGR\u00c1FICA Y AGRIMENSURA\u00bb (OSDEG-EPITA)<\/strong>, con la finalidad de poder contar con la base de datos y opini\u00f3n de nuestros egresados\/graduados, le solicitamos que llene el siguiente formulario, la misma que nos ayudar a implementar el est\u00e1ndar 34 de Acreditaci\u00f3n<\/h6>\n<h6 style=\"text-align: right;\">Le agradecemos anticipadamente por su colaboraci\u00f3n<br \/>\n<em><strong>Atte. Dr. Jorge Luis Aroste Villa<br \/>\n<\/strong><\/em><em><strong>Coordinador de la OSDEG-EPITA<\/strong><\/em><\/h6>\n<h6 style=\"text-align: left;\"><a href=\"https:\/\/docs.google.com\/forms\/d\/e\/1FAIpQLSfBZAHRkhcaYAdeqU4OGR34pHizkuZq-djouLaG-XtzbXlvEw\/viewform\"><img loading=\"lazy\" decoding=\"async\" class=\"wp-image-239 size-medium aligncenter\" src=\"https:\/\/www.epita.edu.pe\/acreditacion\/wp-content\/uploads\/2019\/08\/Encuesta-300x166.png\" alt=\"\" width=\"300\" height=\"166\" srcset=\"https:\/\/epita.edu.pe\/acreditacion\/wp-content\/uploads\/2019\/08\/Encuesta-300x166.png 300w, https:\/\/epita.edu.pe\/acreditacion\/wp-content\/uploads\/2019\/08\/Encuesta-768x424.png 768w, https:\/\/epita.edu.pe\/acreditacion\/wp-content\/uploads\/2019\/08\/Encuesta-1024x565.png 1024w, https:\/\/epita.edu.pe\/acreditacion\/wp-content\/uploads\/2019\/08\/Encuesta-2000x1100.png 2000w, https:\/\/epita.edu.pe\/acreditacion\/wp-content\/uploads\/2019\/08\/Encuesta-700x386.png 700w, https:\/\/epita.edu.pe\/acreditacion\/wp-content\/uploads\/2019\/08\/Encuesta-1300x717.png 1300w\" sizes=\"auto, (max-width: 300px) 100vw, 300px\" \/><\/a><\/h6>\n<p>&nbsp;<\/p>\n<h5>&nbsp;<\/h5>\n<h5 style=\"text-align: center;\">&nbsp;<\/h5>\n\r\n\t<div class=\"IconText\">\r\n\r\n\t\r\n\t\t<div class=\"icon-text-item\">\r\n\t\t\t<i class=\"icon-documents\"><\/i>\r\n\t\t\t<span>ENCUESTA VIGENTE<\/span>\r\n\t\t<\/div>\r\n\r\n\t\r\n\t<\/div><!-- end IconText -->\r\n\n<h5 style=\"text-align: center;\">\ud83c\udf93 Buen d\u00eda se\u00f1ores de Ingenier\u00eda Topogr\u00e1fica y Agrimensura \ud83c\udf93<br \/>\nENCUESTA A EGRESADOS Y GRUPOS DE INTERES\/EXPERTOS<br \/>\nUn cordial saludo de la Comisi\u00f3n de Seguimiento al Egresado de la Escuela Profesional de Ingenier\u00eda Topogr\u00e1fica y Agrimensura<\/h5>\n<h6 style=\"text-align: center;\">Te invitamos a llenar los siguientes formularios de:<\/h6>\n\r\n<div class=\"row\">\r\n\t<div class=\"col-sm-6\">\r\n\t\t<h5 style=\"text-align: center;\"><strong>\"EGRESADOS\"<\/strong><\/h5><h6 style=\"text-align: center;\">LINK DE ENCUESTA A EGRESADOS SOBRE EL PERFIL DE EGRESO DEL PROGRAMA DE ESTUDIOS DE INGENIER\u00cdA TOPOGR\u00c1FICA DE LA UNIVERSIDAD NACIONAL DEL ALTIPLANO<br \/>ENCUESTA A EGRESADOS SOBRE EL PERFIL DE EGRESO:<br \/>Direcci\u00f3n:<a href=\"https:\/\/forms.gle\/c7LgmAN6zzXyEQNSA\"> https:\/\/forms.gle\/c7LgmAN6zzXyEQNSA<\/a><\/h6><h6 style=\"text-align: center;\">ENCUESTA AL EGRESADO SOBRE OBJETIVOS EDUCACIONALES \u2013 TOPOGRAF\u00cdA:<br \/>Direcci\u00f3n: <a href=\"https:\/\/forms.gle\/tdjgbiLCw1ZHJaGJA\">https:\/\/forms.gle\/tdjgbiLCw1ZHJaGJA<\/a><\/h6><hr \/><h5 style=\"text-align: center;\">\"COMISI\u00d3N DE EXPERTOS DEL PROGRAMA Y GRUPOS DE INTER\u00c9S\"<\/h5><h6 style=\"text-align: center;\">ENCUESTA DE AN\u00c1LISIS DOCUMENTAL PARA REVISAR EL PERFIL DE EGRESO DEL PROGRAMA DE ESTUDIOS DE INGENIER\u00cdA TOPOGR\u00c1FICA Y AGRIMENSURA DE LA UNIVERSIDAD NACIONAL DEL ALTIPLANO.<br \/>Direcci\u00f3n: <a href=\"https:\/\/forms.gle\/cuW6tiFHPetHeQt8A\">https:\/\/forms.gle\/cuW6tiFHPetHeQt8A<\/a><\/h6><h5 style=\"text-align: center;\">EPITA \u2013 2023<br \/>A C R E D I T A D A<\/h5><h6 style=\"text-align: center;\"><\/h6>\t<\/div>\r\n\t<div class=\"col-sm-6\">\r\n\t\t<p style=\"text-align: center;\"><img loading=\"lazy\" decoding=\"async\" class=\"alignnone wp-image-333\" src=\"https:\/\/epita.edu.pe\/acreditacion\/wp-content\/uploads\/2023\/12\/ACREDITACION-242x300.png\" alt=\"\" width=\"350\" height=\"434\" srcset=\"https:\/\/epita.edu.pe\/acreditacion\/wp-content\/uploads\/2023\/12\/ACREDITACION-242x300.png 242w, https:\/\/epita.edu.pe\/acreditacion\/wp-content\/uploads\/2023\/12\/ACREDITACION-825x1024.png 825w, https:\/\/epita.edu.pe\/acreditacion\/wp-content\/uploads\/2023\/12\/ACREDITACION-768x953.png 768w, https:\/\/epita.edu.pe\/acreditacion\/wp-content\/uploads\/2023\/12\/ACREDITACION-1238x1536.png 1238w, https:\/\/epita.edu.pe\/acreditacion\/wp-content\/uploads\/2023\/12\/ACREDITACION-1650x2048.png 1650w, https:\/\/epita.edu.pe\/acreditacion\/wp-content\/uploads\/2023\/12\/ACREDITACION-564x700.png 564w, https:\/\/epita.edu.pe\/acreditacion\/wp-content\/uploads\/2023\/12\/ACREDITACION-1048x1300.png 1048w, https:\/\/epita.edu.pe\/acreditacion\/wp-content\/uploads\/2023\/12\/ACREDITACION.png 1926w\" sizes=\"auto, (max-width: 350px) 100vw, 350px\" \/><\/p>\t<\/div>\r\n<\/div>\n","protected":false},"excerpt":{"rendered":"<p>Los siguientes formularios nos permitir\u00e1n conocer con precisi\u00f3n la condici\u00f3n tanto en la etapa estudiantil como en el ejercicio profesional. La base de datos generada nos permitir\u00e1 tomar decisiones m\u00e1s acertadas a la realidad existente y proponer alternativas para la mejora de las condiciones en ambos \u00e1mbitos. ACREDITACI\u00d3N&nbsp; &nbsp;SOMOS&nbsp; &nbsp;TODOS Reciban el saludo de la&#8230;<\/p>\n","protected":false},"author":2,"featured_media":0,"parent":0,"menu_order":0,"comment_status":"closed","ping_status":"closed","template":"","meta":{"footnotes":""},"class_list":["post-238","page","type-page","status-publish","hentry"],"_links":{"self":[{"href":"https:\/\/epita.edu.pe\/acreditacion\/wp-json\/wp\/v2\/pages\/238","targetHints":{"allow":["GET"]}}],"collection":[{"href":"https:\/\/epita.edu.pe\/acreditacion\/wp-json\/wp\/v2\/pages"}],"about":[{"href":"https:\/\/epita.edu.pe\/acreditacion\/wp-json\/wp\/v2\/types\/page"}],"author":[{"embeddable":true,"href":"https:\/\/epita.edu.pe\/acreditacion\/wp-json\/wp\/v2\/users\/2"}],"replies":[{"embeddable":true,"href":"https:\/\/epita.edu.pe\/acreditacion\/wp-json\/wp\/v2\/comments?post=238"}],"version-history":[{"count":40,"href":"https:\/\/epita.edu.pe\/acreditacion\/wp-json\/wp\/v2\/pages\/238\/revisions"}],"predecessor-version":[{"id":346,"href":"https:\/\/epita.edu.pe\/acreditacion\/wp-json\/wp\/v2\/pages\/238\/revisions\/346"}],"wp:attachment":[{"href":"https:\/\/epita.edu.pe\/acreditacion\/wp-json\/wp\/v2\/media?parent=238"}],"curies":[{"name":"wp","href":"https:\/\/api.w.org\/{rel}","templated":true}]}}