{"id":217,"date":"2019-08-22T12:43:10","date_gmt":"2019-08-22T17:43:10","guid":{"rendered":"https:\/\/epita.xyz\/acreditacion\/?page_id=217"},"modified":"2021-09-11T21:07:53","modified_gmt":"2021-09-12T02:07:53","slug":"osdeg","status":"publish","type":"page","link":"https:\/\/epita.edu.pe\/acreditacion\/osdeg\/","title":{"rendered":"OSDEG"},"content":{"rendered":"<p><div class=\"SpecialHeading fw-heading  text-center mb-40\">\r\n\t<h2 class=\"special-title is-block-reveal\">OFICINA DE SEGUIMIENTO DEL EGRESADO Y GRADUADO DE LA EPITA<\/h2>\r\n\t\t\t<div class=\"special-subtitle-center is-block-reveal font-subheading\">ESCUELA PROFESIONAL DE INGENIER\u00cdA TOPOGR\u00c1FICA Y AGRIMENSURA<\/div>\r\n\t<\/div>\r\n<div class=\"row\">\r\n\t<div class=\"col-sm-6\">\r\n\t\t<p style=\"text-align: center;\"><strong>M.Sc. Jorge Luis Aroste Villa<\/strong><strong><br \/><\/strong><em style=\"font-weight: inherit;\">OSDEG - EPITA<\/em><\/p><p style=\"text-align: center;\"><img loading=\"lazy\" decoding=\"async\" class=\"alignnone wp-image-209\" src=\"https:\/\/www.epita.edu.pe\/social\/wp-content\/uploads\/2019\/08\/e-mail.png\" alt=\"\" width=\"20\" height=\"15\" \/> <a href=\"mailto:jorgearoste@unap.edu.pe\"><strong>jorgearoste@unap.edu.pe&nbsp;<\/strong><\/a><br \/><img loading=\"lazy\" decoding=\"async\" class=\"alignnone wp-image-209\" src=\"https:\/\/www.epita.edu.pe\/social\/wp-content\/uploads\/2019\/08\/e-mail.png\" alt=\"\" width=\"20\" height=\"15\" \/> <a href=\"mailto:Jorge_aroste_villa@yahoo.es\"><strong>jorge_aroste_villa@yahoo.es<\/strong><\/a><br \/><strong><img loading=\"lazy\" decoding=\"async\" class=\"alignnone wp-image-210\" src=\"https:\/\/www.epita.edu.pe\/social\/wp-content\/uploads\/2019\/08\/telefono-300x300.png\" alt=\"\" width=\"20\" height=\"20\" \/> 951 537 980<\/strong><\/p>\t<\/div>\r\n\t<div class=\"col-sm-6\">\r\n\t\t<p><img loading=\"lazy\" decoding=\"async\" class=\"alignnone size-medium wp-image-191\" src=\"https:\/\/www.epita.edu.pe\/acreditacion\/wp-content\/uploads\/2019\/08\/MSc.-Jorge-L.-Aroste-Villa-300x300.png\" alt=\"\" width=\"300\" height=\"300\" srcset=\"https:\/\/epita.edu.pe\/acreditacion\/wp-content\/uploads\/2019\/08\/MSc.-Jorge-L.-Aroste-Villa-300x300.png 300w, https:\/\/epita.edu.pe\/acreditacion\/wp-content\/uploads\/2019\/08\/MSc.-Jorge-L.-Aroste-Villa-150x150.png 150w, https:\/\/epita.edu.pe\/acreditacion\/wp-content\/uploads\/2019\/08\/MSc.-Jorge-L.-Aroste-Villa-768x769.png 768w, https:\/\/epita.edu.pe\/acreditacion\/wp-content\/uploads\/2019\/08\/MSc.-Jorge-L.-Aroste-Villa-1024x1024.png 1024w, https:\/\/epita.edu.pe\/acreditacion\/wp-content\/uploads\/2019\/08\/MSc.-Jorge-L.-Aroste-Villa-100x100.png 100w, https:\/\/epita.edu.pe\/acreditacion\/wp-content\/uploads\/2019\/08\/MSc.-Jorge-L.-Aroste-Villa-700x700.png 700w, https:\/\/epita.edu.pe\/acreditacion\/wp-content\/uploads\/2019\/08\/MSc.-Jorge-L.-Aroste-Villa.png 1300w, https:\/\/epita.edu.pe\/acreditacion\/wp-content\/uploads\/2019\/08\/MSc.-Jorge-L.-Aroste-Villa-1299x1300.png 1299w, https:\/\/epita.edu.pe\/acreditacion\/wp-content\/uploads\/2019\/08\/MSc.-Jorge-L.-Aroste-Villa-50x50.png 50w\" sizes=\"auto, (max-width: 300px) 100vw, 300px\" \/><\/p>\t<\/div>\r\n<\/div><div class=\"fw-accordion\">\r\n\t\t\t<h3 class=\"fw-accordion-title element-title\">Importancia<\/h3>\r\n\t\t<div class=\"fw-accordion-content\">\r\n\t\t\t<p>Esta oficina es creada para implementar el est\u00e1ndar 34 de Acreditaci\u00f3n<\/p>\r\n\t\t<\/div>\r\n\t\t\t<h3 class=\"fw-accordion-title element-title\">Funci\u00f3n<\/h3>\r\n\t\t<div class=\"fw-accordion-content\">\r\n\t\t\t<p>La Unidad de Calidad y Acreditaci\u00f3n de la escuela profesional es la encargada de proponer, gestionar y ejecutar los procesos de evaluaci\u00f3n, acreditaci\u00f3n y certificaci\u00f3n, para garantizar el cumplimiento de est\u00e1ndares de calidad.\r\n<\/p>\r\n\t\t<\/div>\r\n\t<\/div>\r\n\t<div class=\"IconText\">\r\n\r\n\t\r\n\t\t<div class=\"icon-text-item\">\r\n\t\t\t<i class=\"icon-documents\"><\/i>\r\n\t\t\t<span>ENLACES DE INTERES<\/span>\r\n\t\t<\/div>\r\n\r\n\t\r\n\t<\/div><!-- end IconText -->\r\n<\/p>\n<p style=\"text-align: center;\"><a href=\"https:\/\/docs.google.com\/forms\/d\/e\/1FAIpQLSfBZAHRkhcaYAdeqU4OGR34pHizkuZq-djouLaG-XtzbXlvEw\/viewform?usp=sf_link\"><strong>SEGUIMIENTO Y DESARROLLO DEL EGRESADO\/GRADUADO DE LA EPITA<\/strong><\/a><\/p>\n","protected":false},"excerpt":{"rendered":"<p>SEGUIMIENTO Y DESARROLLO DEL EGRESADO\/GRADUADO DE LA EPITA<\/p>\n","protected":false},"author":2,"featured_media":0,"parent":0,"menu_order":0,"comment_status":"closed","ping_status":"closed","template":"","meta":{"footnotes":""},"class_list":["post-217","page","type-page","status-publish","hentry"],"_links":{"self":[{"href":"https:\/\/epita.edu.pe\/acreditacion\/wp-json\/wp\/v2\/pages\/217","targetHints":{"allow":["GET"]}}],"collection":[{"href":"https:\/\/epita.edu.pe\/acreditacion\/wp-json\/wp\/v2\/pages"}],"about":[{"href":"https:\/\/epita.edu.pe\/acreditacion\/wp-json\/wp\/v2\/types\/page"}],"author":[{"embeddable":true,"href":"https:\/\/epita.edu.pe\/acreditacion\/wp-json\/wp\/v2\/users\/2"}],"replies":[{"embeddable":true,"href":"https:\/\/epita.edu.pe\/acreditacion\/wp-json\/wp\/v2\/comments?post=217"}],"version-history":[{"count":5,"href":"https:\/\/epita.edu.pe\/acreditacion\/wp-json\/wp\/v2\/pages\/217\/revisions"}],"predecessor-version":[{"id":293,"href":"https:\/\/epita.edu.pe\/acreditacion\/wp-json\/wp\/v2\/pages\/217\/revisions\/293"}],"wp:attachment":[{"href":"https:\/\/epita.edu.pe\/acreditacion\/wp-json\/wp\/v2\/media?parent=217"}],"curies":[{"name":"wp","href":"https:\/\/api.w.org\/{rel}","templated":true}]}}