{"id":214,"date":"2019-08-22T12:31:49","date_gmt":"2019-08-22T17:31:49","guid":{"rendered":"https:\/\/epita.xyz\/acreditacion\/?page_id=214"},"modified":"2021-09-11T21:05:52","modified_gmt":"2021-09-12T02:05:52","slug":"documentos","status":"publish","type":"page","link":"https:\/\/epita.edu.pe\/acreditacion\/documentos\/","title":{"rendered":"Documentos"},"content":{"rendered":"<div class=\"SpecialHeading fw-heading  text-center mb-40\">\r\n\t<h2 class=\"special-title is-block-reveal\">DOCUMENTOS DE INTERES<\/h2>\r\n\t\t\t<div class=\"special-subtitle-center is-block-reveal font-subheading\">ESCUELA PROFESIONAL DE INGENIER\u00cdA TOPOGR\u00c1FICA Y AGRIMENSURA<\/div>\r\n\t<\/div>\n<h5 style=\"padding-left: 40px;\"><strong>\u21d2 <a href=\"https:\/\/www.epita.edu.pe\/acreditacion\/wp-content\/uploads\/2019\/08\/Directiva-Academica-2019.pdf\">Directiva Acad\u00e9mica \u2013 2019<\/a><\/strong><\/h5>\n<h5 style=\"padding-left: 40px;\"><strong>\u21d2 <a href=\"https:\/\/www.epita.edu.pe\/acreditacion\/wp-content\/uploads\/2019\/08\/Directiva-de-acreditacion-20170925.pdf\">Directiva de Acreditaci\u00f3n<\/a><\/strong><\/h5>\n<h5 style=\"padding-left: 40px;\"><strong>\u21d2 <a href=\"https:\/\/www.epita.edu.pe\/acreditacion\/wp-content\/uploads\/2019\/08\/ESTATUTO-UNIVERSITARIO.pdf\">Estatuto Universitario<\/a><\/strong><\/h5>\n<h5 style=\"padding-left: 40px;\"><strong>\u21d2 <a href=\"https:\/\/www.epita.edu.pe\/acreditacion\/wp-content\/uploads\/2019\/08\/PLAN-OPERATIVO-INSTITUCIONAL-2018.pdf\">Plan Operativo Institucional \u2013 2018<\/a><\/strong><\/h5>\n<h5 style=\"padding-left: 40px;\"><strong>\u21d2 <a href=\"https:\/\/www.epita.edu.pe\/acreditacion\/wp-content\/uploads\/2019\/08\/PLAN-ESTRATEGICO-INGENIERIA-TOPOGRAFICA.pdf\">Plan Estrat\u00e9gico Ingenier\u00eda Topogr\u00e1fica y Agrimensura<\/a><\/strong><\/h5>\n<h5 style=\"padding-left: 40px;\"><strong>\u21d2 <a href=\"https:\/\/www.epita.edu.pe\/acreditacion\/wp-content\/uploads\/2019\/08\/1.pdf\">Medici\u00f3n de Avance del proceso de Autoevaluaci\u00f3n<\/a><\/strong><\/h5>\n<h5 style=\"padding-left: 40px;\"><strong>\u21d2 <a href=\"https:\/\/www.epita.edu.pe\/acreditacion\/wp-content\/uploads\/2019\/08\/2.pdf\">Modelo de Acreditaci\u00f3n para Programas de Estudios de Educaci\u00f3n Superior Universitaria<\/a><\/strong><\/h5>\n<h5 style=\"padding-left: 40px;\"><strong>\u21d2 <a href=\"https:\/\/www.epita.edu.pe\/acreditacion\/wp-content\/uploads\/2019\/08\/3.pdf\">Explicaci\u00f3n de Est\u00e1ndares del Modelo de Acreditaci\u00f3n de Programas de Estudio de Educaci\u00f3n Superior Universitaria<\/a><\/strong><\/h5>\n<h5 style=\"padding-left: 40px;\"><strong>\u21d2 <a href=\"https:\/\/www.epita.edu.pe\/acreditacion\/wp-content\/uploads\/2019\/08\/5.pdf\">Medici\u00f3n del Proceso de Mejora y del Logro de Est\u00e1ndares<\/a><\/strong><\/h5>\n","protected":false},"excerpt":{"rendered":"<p>\u21d2 Directiva Acad\u00e9mica \u2013 2019 \u21d2 Directiva de Acreditaci\u00f3n \u21d2 Estatuto Universitario \u21d2 Plan Operativo Institucional \u2013 2018 \u21d2 Plan Estrat\u00e9gico Ingenier\u00eda Topogr\u00e1fica y Agrimensura \u21d2 Medici\u00f3n de Avance del proceso de Autoevaluaci\u00f3n \u21d2 Modelo de Acreditaci\u00f3n para Programas de Estudios de Educaci\u00f3n Superior Universitaria \u21d2 Explicaci\u00f3n de Est\u00e1ndares del Modelo de Acreditaci\u00f3n de Programas&#8230;<\/p>\n","protected":false},"author":2,"featured_media":0,"parent":0,"menu_order":0,"comment_status":"closed","ping_status":"closed","template":"","meta":{"footnotes":""},"class_list":["post-214","page","type-page","status-publish","hentry"],"_links":{"self":[{"href":"https:\/\/epita.edu.pe\/acreditacion\/wp-json\/wp\/v2\/pages\/214","targetHints":{"allow":["GET"]}}],"collection":[{"href":"https:\/\/epita.edu.pe\/acreditacion\/wp-json\/wp\/v2\/pages"}],"about":[{"href":"https:\/\/epita.edu.pe\/acreditacion\/wp-json\/wp\/v2\/types\/page"}],"author":[{"embeddable":true,"href":"https:\/\/epita.edu.pe\/acreditacion\/wp-json\/wp\/v2\/users\/2"}],"replies":[{"embeddable":true,"href":"https:\/\/epita.edu.pe\/acreditacion\/wp-json\/wp\/v2\/comments?post=214"}],"version-history":[{"count":8,"href":"https:\/\/epita.edu.pe\/acreditacion\/wp-json\/wp\/v2\/pages\/214\/revisions"}],"predecessor-version":[{"id":292,"href":"https:\/\/epita.edu.pe\/acreditacion\/wp-json\/wp\/v2\/pages\/214\/revisions\/292"}],"wp:attachment":[{"href":"https:\/\/epita.edu.pe\/acreditacion\/wp-json\/wp\/v2\/media?parent=214"}],"curies":[{"name":"wp","href":"https:\/\/api.w.org\/{rel}","templated":true}]}}