{"id":284,"date":"2019-08-21T02:03:18","date_gmt":"2019-08-21T07:03:18","guid":{"rendered":"https:\/\/epita.xyz\/academico\/?page_id=284"},"modified":"2024-05-20T16:14:09","modified_gmt":"2024-05-20T21:14:09","slug":"biblioteca-especializada","status":"publish","type":"page","link":"https:\/\/epita.edu.pe\/academico\/biblioteca-especializada\/","title":{"rendered":"Biblioteca Especializada"},"content":{"rendered":"<p><div class=\"SpecialHeading fw-heading  text-center mb-40\">\r\n\t<h2 class=\"special-title is-block-reveal\">BIBLIOTECA ESPECIALIZADA <\/h2>\r\n\t\t\t<div class=\"special-subtitle-center is-block-reveal font-subheading\">ESCUELA PROFESIONAL DE INGENIER\u00cdA TOPOGR\u00c1FICA Y AGRIMENSURA<\/div>\r\n\t<\/div>\r\n<div class=\"row\">\r\n\t<div class=\"col-sm-6\">\r\n\t\t<p style=\"text-align: center;\"><em><strong>Ing. Joel Arturo Ventura Mamani<\/strong><\/em><strong><br \/><\/strong><em style=\"font-weight: inherit;\">Coordinador Biblioteca Especializada EPITA<br \/><\/em>Contacto:<br \/><strong><img loading=\"lazy\" decoding=\"async\" class=\"alignnone wp-image-209\" src=\"https:\/\/www.epita.edu.pe\/social\/wp-content\/uploads\/2019\/08\/e-mail.png\" alt=\"\" width=\"20\" height=\"15\" \/> arturoventura@unap.edu.pe<\/strong><\/p>\t<\/div>\r\n\t<div class=\"col-sm-6\">\r\n\t\t<p><img loading=\"lazy\" decoding=\"async\" class=\"alignnone wp-image-159 size-medium\" src=\"https:\/\/epita.edu.pe\/academico\/wp-content\/uploads\/2019\/08\/cropped-epitaico-300x300.png\" alt=\"\" width=\"300\" height=\"300\" srcset=\"https:\/\/epita.edu.pe\/academico\/wp-content\/uploads\/2019\/08\/cropped-epitaico-300x300.png 300w, https:\/\/epita.edu.pe\/academico\/wp-content\/uploads\/2019\/08\/cropped-epitaico-150x150.png 150w, https:\/\/epita.edu.pe\/academico\/wp-content\/uploads\/2019\/08\/cropped-epitaico-100x100.png 100w, https:\/\/epita.edu.pe\/academico\/wp-content\/uploads\/2019\/08\/cropped-epitaico-50x50.png 50w, https:\/\/epita.edu.pe\/academico\/wp-content\/uploads\/2019\/08\/cropped-epitaico-270x270.png 270w, https:\/\/epita.edu.pe\/academico\/wp-content\/uploads\/2019\/08\/cropped-epitaico-192x192.png 192w, https:\/\/epita.edu.pe\/academico\/wp-content\/uploads\/2019\/08\/cropped-epitaico-180x180.png 180w, https:\/\/epita.edu.pe\/academico\/wp-content\/uploads\/2019\/08\/cropped-epitaico-32x32.png 32w, https:\/\/epita.edu.pe\/academico\/wp-content\/uploads\/2019\/08\/cropped-epitaico.png 512w\" sizes=\"auto, (max-width: 300px) 100vw, 300px\" \/><\/p>\t<\/div>\r\n<\/div><div class=\"fw-accordion\">\r\n\t\t\t<h3 class=\"fw-accordion-title element-title\">Importancia<\/h3>\r\n\t\t<div class=\"fw-accordion-content\">\r\n\t\t\t<p>Actualmente las bibliotecas universitarias adoptan las caracter\u00edsticas organizativas y las filosof\u00edas de servicio que tradicionalmente han sido propias de las bibliotecas especializadas, pero su misi\u00f3n de apoyo a la ense\u00f1anza y aprendizaje, constituye un rasgo permanente de singularidad en estas bibliotecas, sobre todo en lo que al desarrollo de colecciones y programas de formaci\u00f3n de usuarios se refiere.<\/p>\r\n\t\t<\/div>\r\n\t\t\t<h3 class=\"fw-accordion-title element-title\">Funci\u00f3n<\/h3>\r\n\t\t<div class=\"fw-accordion-content\">\r\n\t\t\t<p>La biblioteca especializada llega a ofrecer servicios de alta especializaci\u00f3n para investigadores y profesionales en ejercicio.<\/p>\r\n\t\t<\/div>\r\n\t<\/div><\/p>\n<ul>\n<li style=\"text-align: left;\"><strong><a href=\"https:\/\/www.unap.edu.pe\/servicios\/s\/index.php\/autentica\/login\">BIBLIOTECA VIRTUAL UNA PUNO<\/a><\/strong><\/li>\n<li style=\"text-align: left;\"><a href=\"http:\/\/biblioteca.unap.edu.pe\/opac_css\/index.php\"><strong>SISTEMA DE BIBLIOTECAS UNA PUNO<\/strong><\/a><\/li>\n<li><strong><a href=\"http:\/\/biblioteca.unap.edu.pe\/opac_css\/index.php?lvl=section_see&amp;location=14\">BIBLIOTECA ESPECIALIZADA Ing. Topogr\u00e1fica y Agrimensura UNA Puno<\/a><\/strong><\/li>\n<\/ul>\n\r\n\t<div class=\"IconText\">\r\n\r\n\t\r\n\t\t<div class=\"icon-text-item\">\r\n\t\t\t<i class=\"icon-documents\"><\/i>\r\n\t\t\t<span>Biblioteca Especializada Escuela Profesional de Ingenier\u00eda Topogr\u00e1fica y Agrimensura<\/span>\r\n\t\t<\/div>\r\n\r\n\t\r\n\t<\/div><!-- end IconText -->\r\n\n<table style=\"height: 314px;\" width=\"603\">\n<tbody>\n<tr>\n<td style=\"text-align: center;\" width=\"343\">\u00c1rea<\/td>\n<td style=\"text-align: center;\" width=\"158\">Cantidad<\/td>\n<td style=\"text-align: center;\" width=\"97\">%<\/td>\n<\/tr>\n<tr>\n<td width=\"343\">Ciencias b\u00e1sicas<\/td>\n<td style=\"text-align: center;\" width=\"158\">802<\/td>\n<td style=\"text-align: center;\" width=\"97\">64<\/td>\n<\/tr>\n<tr>\n<td width=\"343\">Topograf\u00eda-Geom\u00e1tica<\/td>\n<td style=\"text-align: center;\" width=\"158\">250<\/td>\n<td style=\"text-align: center;\" width=\"97\">20<\/td>\n<\/tr>\n<tr>\n<td width=\"343\">V\u00edas de Transporte<\/td>\n<td style=\"text-align: center;\" width=\"158\">150<\/td>\n<td style=\"text-align: center;\" width=\"97\">12<\/td>\n<\/tr>\n<tr>\n<td width=\"343\">Investigaci\u00f3n<\/td>\n<td style=\"text-align: center;\" width=\"158\">50<\/td>\n<td style=\"text-align: center;\" width=\"97\">04<\/td>\n<\/tr>\n<tr>\n<td width=\"343\"><strong>Total<\/strong><\/td>\n<td style=\"text-align: center;\" width=\"158\"><strong>1252<\/strong><\/td>\n<td style=\"text-align: center;\" width=\"97\"><strong>100<\/strong><\/td>\n<\/tr>\n<\/tbody>\n<\/table>\n<p style=\"text-align: center;\"><img loading=\"lazy\" decoding=\"async\" class=\"wp-image-285 alignnone\" src=\"https:\/\/www.epita.edu.pe\/academico\/wp-content\/uploads\/2019\/08\/Biblioteca-V-300x162.png\" alt=\"\" width=\"192\" height=\"104\" srcset=\"https:\/\/epita.edu.pe\/academico\/wp-content\/uploads\/2019\/08\/Biblioteca-V-300x162.png 300w, https:\/\/epita.edu.pe\/academico\/wp-content\/uploads\/2019\/08\/Biblioteca-V.png 305w\" sizes=\"auto, (max-width: 192px) 100vw, 192px\" \/><\/p>\n<p>&nbsp;<\/p>\n","protected":false},"excerpt":{"rendered":"<p>BIBLIOTECA VIRTUAL UNA PUNO SISTEMA DE BIBLIOTECAS UNA PUNO BIBLIOTECA ESPECIALIZADA Ing. Topogr\u00e1fica y Agrimensura UNA Puno \u00c1rea Cantidad % Ciencias b\u00e1sicas 802 64 Topograf\u00eda-Geom\u00e1tica 250 20 V\u00edas de Transporte 150 12 Investigaci\u00f3n 50 04 Total 1252 100 &nbsp;<\/p>\n","protected":false},"author":2,"featured_media":267,"parent":0,"menu_order":0,"comment_status":"closed","ping_status":"closed","template":"","meta":{"footnotes":""},"class_list":["post-284","page","type-page","status-publish","has-post-thumbnail","hentry"],"_links":{"self":[{"href":"https:\/\/epita.edu.pe\/academico\/wp-json\/wp\/v2\/pages\/284","targetHints":{"allow":["GET"]}}],"collection":[{"href":"https:\/\/epita.edu.pe\/academico\/wp-json\/wp\/v2\/pages"}],"about":[{"href":"https:\/\/epita.edu.pe\/academico\/wp-json\/wp\/v2\/types\/page"}],"author":[{"embeddable":true,"href":"https:\/\/epita.edu.pe\/academico\/wp-json\/wp\/v2\/users\/2"}],"replies":[{"embeddable":true,"href":"https:\/\/epita.edu.pe\/academico\/wp-json\/wp\/v2\/comments?post=284"}],"version-history":[{"count":23,"href":"https:\/\/epita.edu.pe\/academico\/wp-json\/wp\/v2\/pages\/284\/revisions"}],"predecessor-version":[{"id":504,"href":"https:\/\/epita.edu.pe\/academico\/wp-json\/wp\/v2\/pages\/284\/revisions\/504"}],"wp:featuredmedia":[{"embeddable":true,"href":"https:\/\/epita.edu.pe\/academico\/wp-json\/wp\/v2\/media\/267"}],"wp:attachment":[{"href":"https:\/\/epita.edu.pe\/academico\/wp-json\/wp\/v2\/media?parent=284"}],"curies":[{"name":"wp","href":"https:\/\/api.w.org\/{rel}","templated":true}]}}