{"id":240,"date":"2019-08-20T23:46:36","date_gmt":"2019-08-21T04:46:36","guid":{"rendered":"https:\/\/epita.xyz\/academico\/?page_id=240"},"modified":"2021-09-11T20:44:46","modified_gmt":"2021-09-12T01:44:46","slug":"laboratorios","status":"publish","type":"page","link":"https:\/\/epita.edu.pe\/academico\/laboratorios\/","title":{"rendered":"Laboratorios"},"content":{"rendered":"<p><div class=\"SpecialHeading fw-heading  text-center mb-40\">\r\n\t<h2 class=\"special-title is-block-reveal\">LABORATORIOS<\/h2>\r\n\t\t\t<div class=\"special-subtitle-center is-block-reveal font-subheading\">Escuela Profesional de Ingenier\u00eda Topogr\u00e1fica y Agrimensura<\/div>\r\n\t<\/div>\r\n<div class=\"row\">\r\n\t<div class=\"col-sm-6\">\r\n\t\t<p><img loading=\"lazy\" decoding=\"async\" class=\"alignright wp-image-332\" src=\"https:\/\/epita.edu.pe\/academico\/wp-content\/uploads\/2019\/08\/EPITA-Equipamiento-004-300x245.png\" alt=\"\" width=\"400\" height=\"327\" srcset=\"https:\/\/epita.edu.pe\/academico\/wp-content\/uploads\/2019\/08\/EPITA-Equipamiento-004-300x245.png 300w, https:\/\/epita.edu.pe\/academico\/wp-content\/uploads\/2019\/08\/EPITA-Equipamiento-004-700x572.png 700w, https:\/\/epita.edu.pe\/academico\/wp-content\/uploads\/2019\/08\/EPITA-Equipamiento-004.png 703w\" sizes=\"auto, (max-width: 400px) 100vw, 400px\" \/><\/p>\t<\/div>\r\n\t<div class=\"col-sm-6\">\r\n\t\t<p><strong>LABORATORIO DE FOTOGRAMETRIA<\/strong><\/p><p>En el laboratorio de fotogrametr\u00eda el futuro ingeniero top\u00f3grafo agrimensor experimentara una forma de representar una realidad natural y artificial basado en el fen\u00f3meno de la luz, el concepto de escrito y dibujo, as\u00ed como establecer una escala de medida real de una superficie terrestre, obteniendo planos y mapas de peque\u00f1as y grandes extensiones de terreno por medio de la fotograf\u00eda digital a\u00e9rea y terrestre. Para tal fin el laboratorio de fotogrametr\u00eda est\u00e1 equipado de con veh\u00edculos a\u00e9reos no tripulados, procesadores de alta gama, softwares que permite adquirir y procesar fotograf\u00edas digitales a\u00e9reas y terrestres.<\/p>\t<\/div>\r\n<\/div>\t<div class=\"fw-divider-line\"><hr\/><\/div>\n\n\r\n<div class=\"row\">\r\n\t<div class=\"col-sm-6\">\r\n\t\t<p><img loading=\"lazy\" decoding=\"async\" class=\"wp-image-459 alignright\" src=\"https:\/\/epita.edu.pe\/academico\/wp-content\/uploads\/2021\/09\/geodesia-300x249.jpg\" alt=\"\" width=\"400\" height=\"332\" srcset=\"https:\/\/epita.edu.pe\/academico\/wp-content\/uploads\/2021\/09\/geodesia-300x249.jpg 300w, https:\/\/epita.edu.pe\/academico\/wp-content\/uploads\/2021\/09\/geodesia-1024x850.jpg 1024w, https:\/\/epita.edu.pe\/academico\/wp-content\/uploads\/2021\/09\/geodesia-768x638.jpg 768w, https:\/\/epita.edu.pe\/academico\/wp-content\/uploads\/2021\/09\/geodesia-1536x1275.jpg 1536w, https:\/\/epita.edu.pe\/academico\/wp-content\/uploads\/2021\/09\/geodesia-2048x1700.jpg 2048w, https:\/\/epita.edu.pe\/academico\/wp-content\/uploads\/2021\/09\/geodesia-700x581.jpg 700w, https:\/\/epita.edu.pe\/academico\/wp-content\/uploads\/2021\/09\/geodesia-1300x1079.jpg 1300w\" sizes=\"auto, (max-width: 400px) 100vw, 400px\" \/><\/p>\t<\/div>\r\n\t<div class=\"col-sm-6\">\r\n\t\t<p><strong>LABORATORIO DE GEODESIA<\/strong><\/p><p>En el laboratorio de Geodesia el futuro Ingeniero Top\u00f3grafo Agrimensor, podr\u00e1 integrar y entender los conceptos de la forma, tama\u00f1o y las posiciones de la tierra, recurriendo a las ramas de la Geodesia como Geodesia Te\u00f3rica, la Geodesia f\u00edsica, la Geodesia Cartogr\u00e1fica, que mediante la observaci\u00f3n y el an\u00e1lisis temporal del campo gravitatorio, le permitir\u00e1 asimilar las aplicaciones del modelo matem\u00e1tico de elipsoide de referencia, as\u00ed como el an\u00e1lisis gravitatorio en diferentes posiciones del globo terr\u00e1queo entender el concepto de geoide de referencia, integrados aun datum geod\u00e9sico, como WGS84, SIRGAS2000.<\/p>\t<\/div>\r\n<\/div>\t<div class=\"fw-divider-line\"><hr\/><\/div>\n\n\r\n<div class=\"row\">\r\n\t<div class=\"col-sm-6\">\r\n\t\t<p><img loading=\"lazy\" decoding=\"async\" class=\"alignright wp-image-457\" src=\"https:\/\/epita.edu.pe\/academico\/wp-content\/uploads\/2021\/09\/BATIMETRIA-300x248.jpg\" alt=\"\" width=\"400\" height=\"330\" srcset=\"https:\/\/epita.edu.pe\/academico\/wp-content\/uploads\/2021\/09\/BATIMETRIA-300x248.jpg 300w, https:\/\/epita.edu.pe\/academico\/wp-content\/uploads\/2021\/09\/BATIMETRIA-1024x845.jpg 1024w, https:\/\/epita.edu.pe\/academico\/wp-content\/uploads\/2021\/09\/BATIMETRIA-768x634.jpg 768w, https:\/\/epita.edu.pe\/academico\/wp-content\/uploads\/2021\/09\/BATIMETRIA-1536x1267.jpg 1536w, https:\/\/epita.edu.pe\/academico\/wp-content\/uploads\/2021\/09\/BATIMETRIA-2048x1690.jpg 2048w, https:\/\/epita.edu.pe\/academico\/wp-content\/uploads\/2021\/09\/BATIMETRIA-700x578.jpg 700w, https:\/\/epita.edu.pe\/academico\/wp-content\/uploads\/2021\/09\/BATIMETRIA-1300x1073.jpg 1300w\" sizes=\"auto, (max-width: 400px) 100vw, 400px\" \/><\/p>\t<\/div>\r\n\t<div class=\"col-sm-6\">\r\n\t\t<p><strong>LABORATORIO DE BATIMETRIA<\/strong><\/p><p>El laboratorio de Batimetr\u00eda permite al futuro Ingeniero Top\u00f3grafo Agrimensor realizar, la representaci\u00f3n geoespacial y gr\u00e1fica del fondo marino, lacustre y fluvial, basado en el enfoque de la gesti\u00f3n del territorio, que le permitir\u00e1 desarrollar de manera profesional la planificaci\u00f3n organizaci\u00f3n y ejecuci\u00f3n de los trabajos de campo y gabinete apoyados con equipos de posicionamiento geoespacial, sondas y softwares as\u00ed como procesadores de alta gama, para la adquisici\u00f3n y procesamiento de los datos batim\u00e9tricos y geoespaciales, que le permitir\u00e1 afianzar y obtener levantamientos topogr\u00e1ficos de isogramas, representando en planos, mapas y geodata que ser\u00e1n aplicados por un ingeniero top\u00f3grafo agrimensor en la formulaci\u00f3n de la ingenier\u00eda de proyectos h\u00eddricos y en la gesti\u00f3n de recursos naturales.<\/p>\t<\/div>\r\n<\/div>\t<div class=\"fw-divider-line\"><hr\/><\/div>\n\n\r\n<div class=\"row\">\r\n\t<div class=\"col-sm-6\">\r\n\t\t<p><img loading=\"lazy\" decoding=\"async\" class=\"alignright wp-image-460\" src=\"https:\/\/epita.edu.pe\/academico\/wp-content\/uploads\/2021\/09\/COMPUTO-300x231.jpg\" alt=\"\" width=\"400\" height=\"308\" srcset=\"https:\/\/epita.edu.pe\/academico\/wp-content\/uploads\/2021\/09\/COMPUTO-300x231.jpg 300w, https:\/\/epita.edu.pe\/academico\/wp-content\/uploads\/2021\/09\/COMPUTO-1024x790.jpg 1024w, https:\/\/epita.edu.pe\/academico\/wp-content\/uploads\/2021\/09\/COMPUTO-768x592.jpg 768w, https:\/\/epita.edu.pe\/academico\/wp-content\/uploads\/2021\/09\/COMPUTO-1536x1184.jpg 1536w, https:\/\/epita.edu.pe\/academico\/wp-content\/uploads\/2021\/09\/COMPUTO-2048x1579.jpg 2048w, https:\/\/epita.edu.pe\/academico\/wp-content\/uploads\/2021\/09\/COMPUTO-700x540.jpg 700w, https:\/\/epita.edu.pe\/academico\/wp-content\/uploads\/2021\/09\/COMPUTO-1300x1002.jpg 1300w\" sizes=\"auto, (max-width: 400px) 100vw, 400px\" \/><\/p>\t<\/div>\r\n\t<div class=\"col-sm-6\">\r\n\t\t<p><strong>LABORATORIO DE CENTROS DE COMPUTO<\/strong><\/p><p>Nuestro de centro de computo es una sala con m\u00f3dulos personalizados equipadas con procesadores de alta gama y softwares para el an\u00e1lisis e interpretaci\u00f3n de datos y dise\u00f1o, de las distintas disciplinas de la Ingenier\u00eda Topogr\u00e1fica y Agrimensura, aplicados a la ingenier\u00eda de proyectos desde la ingenier\u00eda conceptual, b\u00e1sica y de detalles.<\/p>\t<\/div>\r\n<\/div>\t<div class=\"fw-divider-line\"><hr\/><\/div>\n\n\r\n<div class=\"row\">\r\n\t<div class=\"col-sm-6\">\r\n\t\t<p><img loading=\"lazy\" decoding=\"async\" class=\"wp-image-461 alignright\" src=\"https:\/\/epita.edu.pe\/academico\/wp-content\/uploads\/2021\/09\/IMG_5189-300x225.jpg\" alt=\"\" width=\"400\" height=\"300\" srcset=\"https:\/\/epita.edu.pe\/academico\/wp-content\/uploads\/2021\/09\/IMG_5189-300x225.jpg 300w, https:\/\/epita.edu.pe\/academico\/wp-content\/uploads\/2021\/09\/IMG_5189-1024x768.jpg 1024w, https:\/\/epita.edu.pe\/academico\/wp-content\/uploads\/2021\/09\/IMG_5189-768x576.jpg 768w, https:\/\/epita.edu.pe\/academico\/wp-content\/uploads\/2021\/09\/IMG_5189-1536x1152.jpg 1536w, https:\/\/epita.edu.pe\/academico\/wp-content\/uploads\/2021\/09\/IMG_5189-2048x1536.jpg 2048w, https:\/\/epita.edu.pe\/academico\/wp-content\/uploads\/2021\/09\/IMG_5189-700x525.jpg 700w, https:\/\/epita.edu.pe\/academico\/wp-content\/uploads\/2021\/09\/IMG_5189-1300x975.jpg 1300w\" sizes=\"auto, (max-width: 400px) 100vw, 400px\" \/><\/p>\t<\/div>\r\n\t<div class=\"col-sm-6\">\r\n\t\t<p><strong>LABORATORIO DE TOPOGRAF\u00cdA, CON PR\u00c1CTICAS DE CAMPO<\/strong><\/p><p>La labor de la Topograf\u00eda es representar la forma y superficie terrestre de forma gr\u00e1fica, el terreno donde se dise\u00f1ar\u00e1n y construir\u00e1n los proyectos, y actividades de obras civiles y sociales en zonas urbanas y rurales. En nuestro laboratorio, los alumnos disponen de equipos sofisticados de \u00faltima generaci\u00f3n, como las estaciones totales, semirob\u00f3ticas, rob\u00f3ticas, esc\u00e1ner y GPS (Sistemas de Posicionamiento Global) SUB M\u00e9tricos, Diferenciales, que permiten realizar mediciones en diversos tipos de terrenos con alta precisi\u00f3n de detalle.<\/p>\t<\/div>\r\n<\/div><\/p>\n","protected":false},"excerpt":{"rendered":"","protected":false},"author":2,"featured_media":244,"parent":0,"menu_order":0,"comment_status":"closed","ping_status":"closed","template":"","meta":{"footnotes":""},"class_list":["post-240","page","type-page","status-publish","has-post-thumbnail","hentry"],"_links":{"self":[{"href":"https:\/\/epita.edu.pe\/academico\/wp-json\/wp\/v2\/pages\/240","targetHints":{"allow":["GET"]}}],"collection":[{"href":"https:\/\/epita.edu.pe\/academico\/wp-json\/wp\/v2\/pages"}],"about":[{"href":"https:\/\/epita.edu.pe\/academico\/wp-json\/wp\/v2\/types\/page"}],"author":[{"embeddable":true,"href":"https:\/\/epita.edu.pe\/academico\/wp-json\/wp\/v2\/users\/2"}],"replies":[{"embeddable":true,"href":"https:\/\/epita.edu.pe\/academico\/wp-json\/wp\/v2\/comments?post=240"}],"version-history":[{"count":32,"href":"https:\/\/epita.edu.pe\/academico\/wp-json\/wp\/v2\/pages\/240\/revisions"}],"predecessor-version":[{"id":462,"href":"https:\/\/epita.edu.pe\/academico\/wp-json\/wp\/v2\/pages\/240\/revisions\/462"}],"wp:featuredmedia":[{"embeddable":true,"href":"https:\/\/epita.edu.pe\/academico\/wp-json\/wp\/v2\/media\/244"}],"wp:attachment":[{"href":"https:\/\/epita.edu.pe\/academico\/wp-json\/wp\/v2\/media?parent=240"}],"curies":[{"name":"wp","href":"https:\/\/api.w.org\/{rel}","templated":true}]}}