{"id":224,"date":"2019-08-20T22:50:04","date_gmt":"2019-08-21T03:50:04","guid":{"rendered":"https:\/\/epita.xyz\/academico\/?page_id=224"},"modified":"2021-09-11T21:58:04","modified_gmt":"2021-09-12T02:58:04","slug":"nivelacion-de-ingresantes","status":"publish","type":"page","link":"https:\/\/epita.edu.pe\/academico\/nivelacion-de-ingresantes\/","title":{"rendered":"Nivelaci\u00f3n de Ingresantes"},"content":{"rendered":"<div class=\"SpecialHeading fw-heading  text-center mb-40\">\r\n\t<h2 class=\"special-title is-block-reveal\">NIVELACI\u00d3N DE INGRESANTES<\/h2>\r\n\t\t\t<div class=\"special-subtitle-center is-block-reveal font-subheading\">ESCUELA PROFESIONAL DE INGENIER\u00cdA TOPOGR\u00c1FICA Y AGRIMENSURA<\/div>\r\n\t<\/div>\n<p><div class=\"fw-accordion\">\r\n\t\t\t<h3 class=\"fw-accordion-title element-title\">Importancia<\/h3>\r\n\t\t<div class=\"fw-accordion-content\">\r\n\t\t\t<p>Con finalidad potenciar sus capacidades y complementar los conocimientos b\u00e1sicos de la secundaria que permita una exitosa inserci\u00f3n a la vida universitaria, la Escuela Profesional de Ingenier\u00eda Topogr\u00e1fica y Agrimensura de la Universidad Nacional del Altiplano, mediante el Programa de Nivelaci\u00f3n del Ingresante 2019-II, instruye a los ingresantes a esta carrera profesional, en los diferentes temas y herramientas que le dar\u00e1n una visi\u00f3n m\u00e1s amplia de su nueva casa de estudios.<\/p>\r\n\t\t<\/div>\r\n\t\t\t<h3 class=\"fw-accordion-title element-title\">Funci\u00f3n<\/h3>\r\n\t\t<div class=\"fw-accordion-content\">\r\n\t\t\t<p>Esta actividad obedece a los est\u00e1ndares de acreditaci\u00f3n universitaria donde se establece el perfil que el ingresante debe tener, para cumplir con el proyecto educativo de la universidad.<\/p>\r\n\t\t<\/div>\r\n\t<\/div>\r\n\t<div class=\"IconText\">\r\n\r\n\t\r\n\t\t<div class=\"icon-text-item\">\r\n\t\t\t<i class=\"icon-documents\"><\/i>\r\n\t\t\t<span>Actividades<\/span>\r\n\t\t<\/div>\r\n\r\n\t\r\n\t<\/div><!-- end IconText -->\r\n<\/p>\n<p style=\"padding-left: 40px;\">\u21d2&nbsp;<a href=\"https:\/\/www.epita.edu.pe\/educacion\/nivelacion-de-ingresantes-2019-ii\/\"><em><b>Nivelaci\u00f3n de Ingresantes EPITA 2019-II<\/b><\/em><\/a><br \/>\n\u21d2 <em><strong><a href=\"https:\/\/www.epita.edu.pe\/social\/premiacion-deportiva-cachimbo-epita-2019-ii\/\">Premiaci\u00f3n Deportiva \u00abCachimbos EPITA 2019-II\u00bb<\/a><\/strong><\/em><\/p>\n<p style=\"padding-left: 40px;\">&nbsp;<\/p>\n","protected":false},"excerpt":{"rendered":"<p>&nbsp; \u21d2&nbsp;Nivelaci\u00f3n de Ingresantes EPITA 2019-II \u21d2 Premiaci\u00f3n Deportiva \u00abCachimbos EPITA 2019-II\u00bb &nbsp;<\/p>\n","protected":false},"author":2,"featured_media":0,"parent":0,"menu_order":0,"comment_status":"closed","ping_status":"closed","template":"","meta":{"footnotes":""},"class_list":["post-224","page","type-page","status-publish","hentry"],"_links":{"self":[{"href":"https:\/\/epita.edu.pe\/academico\/wp-json\/wp\/v2\/pages\/224","targetHints":{"allow":["GET"]}}],"collection":[{"href":"https:\/\/epita.edu.pe\/academico\/wp-json\/wp\/v2\/pages"}],"about":[{"href":"https:\/\/epita.edu.pe\/academico\/wp-json\/wp\/v2\/types\/page"}],"author":[{"embeddable":true,"href":"https:\/\/epita.edu.pe\/academico\/wp-json\/wp\/v2\/users\/2"}],"replies":[{"embeddable":true,"href":"https:\/\/epita.edu.pe\/academico\/wp-json\/wp\/v2\/comments?post=224"}],"version-history":[{"count":15,"href":"https:\/\/epita.edu.pe\/academico\/wp-json\/wp\/v2\/pages\/224\/revisions"}],"predecessor-version":[{"id":471,"href":"https:\/\/epita.edu.pe\/academico\/wp-json\/wp\/v2\/pages\/224\/revisions\/471"}],"wp:attachment":[{"href":"https:\/\/epita.edu.pe\/academico\/wp-json\/wp\/v2\/media?parent=224"}],"curies":[{"name":"wp","href":"https:\/\/api.w.org\/{rel}","templated":true}]}}