{"id":222,"date":"2019-08-20T22:44:07","date_gmt":"2019-08-21T03:44:07","guid":{"rendered":"https:\/\/epita.xyz\/academico\/?page_id=222"},"modified":"2023-03-14T19:55:17","modified_gmt":"2023-03-15T00:55:17","slug":"tutoria","status":"publish","type":"page","link":"https:\/\/epita.edu.pe\/academico\/tutoria\/","title":{"rendered":"Tutoria"},"content":{"rendered":"<p><div class=\"SpecialHeading fw-heading  text-center mb-40\">\r\n\t<h2 class=\"special-title is-block-reveal\">TUTORIA<\/h2>\r\n\t\t\t<div class=\"special-subtitle-center is-block-reveal font-subheading\">ESCUELA PROFESIONAL DE INGENIER\u00cdA TOPOGR\u00c1FICA Y AGRIMENSURA<\/div>\r\n\t<\/div>\r\n<div class=\"row\">\r\n\t<div class=\"col-sm-6\">\r\n\t\t<p style=\"text-align: center;\"><strong>M.Sc. \u00c1ngel Abrahan Franco Pineda<br \/><\/strong><em style=\"font-weight: inherit;\">Coordinador EPITA<br \/>Contacto:<br \/><strong><img loading=\"lazy\" decoding=\"async\" class=\"alignnone wp-image-209\" src=\"https:\/\/www.epita.edu.pe\/social\/wp-content\/uploads\/2019\/08\/e-mail.png\" alt=\"\" width=\"20\" height=\"15\" \/> <a href=\"mailto:angelfranco@unap.edu.pe\">angelfranco@unap.edu.pe<\/a><\/strong><br \/><\/em><\/p><p style=\"text-align: center;\"><strong><br \/>Ing. Juan Esteban Araoz Barrios<br \/><\/strong><em style=\"font-weight: inherit;\">Adjunto<\/em><\/p><p>&nbsp;<\/p>\t<\/div>\r\n\t<div class=\"col-sm-6\">\r\n\t\t<p><img loading=\"lazy\" decoding=\"async\" class=\"alignnone wp-image-489 size-medium\" src=\"https:\/\/epita.edu.pe\/academico\/wp-content\/uploads\/2022\/06\/Ing.-Angel-A.-Franco-Pineda-300x300.png\" alt=\"\" width=\"300\" height=\"300\" srcset=\"https:\/\/epita.edu.pe\/academico\/wp-content\/uploads\/2022\/06\/Ing.-Angel-A.-Franco-Pineda-300x300.png 300w, https:\/\/epita.edu.pe\/academico\/wp-content\/uploads\/2022\/06\/Ing.-Angel-A.-Franco-Pineda-1024x1024.png 1024w, https:\/\/epita.edu.pe\/academico\/wp-content\/uploads\/2022\/06\/Ing.-Angel-A.-Franco-Pineda-150x150.png 150w, https:\/\/epita.edu.pe\/academico\/wp-content\/uploads\/2022\/06\/Ing.-Angel-A.-Franco-Pineda-768x769.png 768w, https:\/\/epita.edu.pe\/academico\/wp-content\/uploads\/2022\/06\/Ing.-Angel-A.-Franco-Pineda-100x100.png 100w, https:\/\/epita.edu.pe\/academico\/wp-content\/uploads\/2022\/06\/Ing.-Angel-A.-Franco-Pineda-700x700.png 700w, https:\/\/epita.edu.pe\/academico\/wp-content\/uploads\/2022\/06\/Ing.-Angel-A.-Franco-Pineda-50x50.png 50w, https:\/\/epita.edu.pe\/academico\/wp-content\/uploads\/2022\/06\/Ing.-Angel-A.-Franco-Pineda.png 1300w\" sizes=\"auto, (max-width: 300px) 100vw, 300px\" \/><\/p>\t<\/div>\r\n<\/div><div class=\"fw-accordion\">\r\n\t\t\t<h3 class=\"fw-accordion-title element-title\">Importancia<\/h3>\r\n\t\t<div class=\"fw-accordion-content\">\r\n\t\t\t<p>El Sistema de Tutor\u00edas Universitarias, esta pensado como una estrategia de apoyo y de orientaci\u00f3n, que se brinda a los alumnos con la finalidad de apoyarlos para mejorar el rendimiento en los estudios y orientarlos para solucionar las dificultades que se presentan en la vida universitaria.<\/p>\r\n\t\t<\/div>\r\n\t\t\t<h3 class=\"fw-accordion-title element-title\">Funci\u00f3n<\/h3>\r\n\t\t<div class=\"fw-accordion-content\">\r\n\t\t\t<p>Participar en las juntas de evaluaci\u00f3n, supervisa las actividades acad\u00e9micas y analiza con los tutores y profesores la marcha acad\u00e9mica de los alumnos.<\/p>\r\n\t\t<\/div>\r\n\t<\/div>\r\n\t<div class=\"IconText\">\r\n\r\n\t\r\n\t\t<div class=\"icon-text-item\">\r\n\t\t\t<i class=\"icon-documents\"><\/i>\r\n\t\t\t<span>Documentos<\/span>\r\n\t\t<\/div>\r\n\r\n\t\r\n\t<\/div><!-- end IconText -->\r\n<\/p>\n<p style=\"padding-left: 40px;\">\u21d2 <a href=\"https:\/\/www.epita.edu.pe\/academico\/wp-content\/uploads\/2019\/09\/Lista-de-cotejo-de-actitudes-impl\u00edcitas-en-los-indicadores-de-logro-de-competencias.pdf\"><em><strong>Lista de cotejo de actitudes impl\u00edcitas en los indicadores de logro de competencias (Formato)<\/strong><\/em><\/a><br \/>\n\u21d2 <a href=\"https:\/\/www.epita.edu.pe\/academico\/wp-content\/uploads\/2019\/09\/Sesi\u00f3n-de-Tutoria-Individual.pdf\"><em><strong>Sesi\u00f3n de Tutoria Individual (Formato)<\/strong><\/em><\/a><\/p>\n\r\n\t<div class=\"IconText\">\r\n\r\n\t\r\n\t\t<div class=\"icon-text-item\">\r\n\t\t\t<i class=\"icon-newspaper\"><\/i>\r\n\t\t\t<span>Actividades<\/span>\r\n\t\t<\/div>\r\n\r\n\t\r\n\t<\/div><!-- end IconText -->\r\n\n<p style=\"padding-left: 40px;\">\u21d2 <a href=\"https:\/\/www.epita.edu.pe\/educacion\/oficio-circular-n-013-2019-otusp-dga-una-p\/\"><i><b>Orientaciones de Tutor\u00eda<\/b><\/i><\/a><br \/>\n\u21d2&nbsp;<a href=\"https:\/\/tutoria2.unap.edu.pe\/\"><i><b>Gesti\u00f3n&nbsp;de Tutor\u00edas &#8211; Universidad Nacional del Altiplano&nbsp;<\/b><\/i><\/a><\/p>\n","protected":false},"excerpt":{"rendered":"<p>\u21d2 Lista de cotejo de actitudes impl\u00edcitas en los indicadores de logro de competencias (Formato) \u21d2 Sesi\u00f3n de Tutoria Individual (Formato) \u21d2 Orientaciones de Tutor\u00eda \u21d2&nbsp;Gesti\u00f3n&nbsp;de Tutor\u00edas &#8211; Universidad Nacional del Altiplano&nbsp;<\/p>\n","protected":false},"author":2,"featured_media":267,"parent":0,"menu_order":0,"comment_status":"closed","ping_status":"closed","template":"","meta":{"footnotes":""},"class_list":["post-222","page","type-page","status-publish","has-post-thumbnail","hentry"],"_links":{"self":[{"href":"https:\/\/epita.edu.pe\/academico\/wp-json\/wp\/v2\/pages\/222","targetHints":{"allow":["GET"]}}],"collection":[{"href":"https:\/\/epita.edu.pe\/academico\/wp-json\/wp\/v2\/pages"}],"about":[{"href":"https:\/\/epita.edu.pe\/academico\/wp-json\/wp\/v2\/types\/page"}],"author":[{"embeddable":true,"href":"https:\/\/epita.edu.pe\/academico\/wp-json\/wp\/v2\/users\/2"}],"replies":[{"embeddable":true,"href":"https:\/\/epita.edu.pe\/academico\/wp-json\/wp\/v2\/comments?post=222"}],"version-history":[{"count":18,"href":"https:\/\/epita.edu.pe\/academico\/wp-json\/wp\/v2\/pages\/222\/revisions"}],"predecessor-version":[{"id":497,"href":"https:\/\/epita.edu.pe\/academico\/wp-json\/wp\/v2\/pages\/222\/revisions\/497"}],"wp:featuredmedia":[{"embeddable":true,"href":"https:\/\/epita.edu.pe\/academico\/wp-json\/wp\/v2\/media\/267"}],"wp:attachment":[{"href":"https:\/\/epita.edu.pe\/academico\/wp-json\/wp\/v2\/media?parent=222"}],"curies":[{"name":"wp","href":"https:\/\/api.w.org\/{rel}","templated":true}]}}